{"id":863,"date":"2024-03-05T10:12:37","date_gmt":"2024-03-05T09:12:37","guid":{"rendered":"http:\/\/ceinturealimentairenamuroise.be\/?page_id=863"},"modified":"2025-02-05T17:09:55","modified_gmt":"2025-02-05T16:09:55","slug":"conseil-de-politique-alimentaire-cpa","status":"publish","type":"page","link":"http:\/\/ceinturealimentairenamuroise.be\/?page_id=863","title":{"rendered":"Conseil de Politique Alimentaire (CPA)"},"content":{"rendered":"\t\t<div data-elementor-type=\"wp-page\" data-elementor-id=\"863\" class=\"elementor elementor-863\">\n\t\t\t\t\t\t<section class=\"elementor-section elementor-top-section elementor-element elementor-element-35c7452 elementor-section-boxed elementor-section-height-default elementor-section-height-default\" data-id=\"35c7452\" data-element_type=\"section\" data-e-type=\"section\">\n\t\t\t\t\t\t<div class=\"elementor-container elementor-column-gap-default\">\n\t\t\t\t\t<div class=\"elementor-column elementor-col-100 elementor-top-column elementor-element elementor-element-354ad648\" data-id=\"354ad648\" data-element_type=\"column\" data-e-type=\"column\">\n\t\t\t<div class=\"elementor-widget-wrap elementor-element-populated\">\n\t\t\t\t\t\t<div class=\"elementor-element elementor-element-6db3ff7e elementor-widget elementor-widget-text-editor\" data-id=\"6db3ff7e\" data-element_type=\"widget\" data-e-type=\"widget\" data-widget_type=\"text-editor.default\">\n\t\t\t\t<div class=\"elementor-widget-container\">\n\t\t\t\t\t\t\t\t\t\n<figure class=\"wp-block-image size-full\"><img fetchpriority=\"high\" decoding=\"async\" width=\"425\" height=\"181\" class=\"wp-image-869\" src=\"http:\/\/ceinturealimentairenamuroise.be\/wp-content\/uploads\/2024\/03\/cpa-verviersok.png\" alt=\"\" srcset=\"http:\/\/ceinturealimentairenamuroise.be\/wp-content\/uploads\/2024\/03\/cpa-verviersok.png 425w, http:\/\/ceinturealimentairenamuroise.be\/wp-content\/uploads\/2024\/03\/cpa-verviersok-300x128.png 300w\" sizes=\"(max-width: 425px) 100vw, 425px\" \/><\/figure>\n\n<p>Il s&rsquo;agit d&rsquo;une mission financ\u00e9e par le Gouvernement wallon. Celle-ci s\u2019inscrit dans la logique wallonne de mise en place de CPA (Conseils de politique alimentaire).<\/p>\n\n<p>Nous avons r\u00e9pondu \u00e0 cet appel \u00e0 projet en d\u00e9limitant notre champ d\u2019intervention \u00e0 10 communes du territoire de la CAN qui ne b\u00e9n\u00e9ficient pas encore de cette dynamique puisque, par ailleurs, et toujours sur notre territoire, fonctionnent d\u00e9j\u00e0 2 CPA : le <a href=\"http:\/\/ceinturealimentairenamuroise.be\/?page_id=29\">CADNamurois<\/a> et le <a href=\"https:\/\/www.tiges-chavees.be\/alimentation-agriculture\/conseil-de-politique-alimentaire\/\">CPA Coeur de Condroz<\/a>.<\/p>\n\n<p>Notre projet sera totalement con\u00e7u, et s\u2019il peut \u00eatre original \u00e9tant donn\u00e9 la sp\u00e9cificit\u00e9 de ces 10 communes (Andenne, Fernelmont, \u00c9ghez\u00e9e, La Bruy\u00e8re, et Gembloux, Sombreffe, Jemeppe-sur-Sambre, Fosses-la-Ville, Floreffe, Profondeville), il respectera la logique wallonne en \u00e9tant imagin\u00e9 en articulation avec les CPA existants. 18 mois de financement pour lancer un projet sur le long terme, nous l&rsquo;esp\u00e9rons.<\/p>\n\n<p>Contact direct avec la charg\u00e9e de projet : <a href=\"mailto:cecile@ceinturealimentairenamuroise.be\">cecile@ceinturealimentairenamuroise.be<\/a><\/p>\n\n<figure class=\"wp-block-image size-full\"><img decoding=\"async\" class=\"aligncenter wp-image-1605 size-large\" src=\"http:\/\/ceinturealimentairenamuroise.be\/wp-content\/uploads\/2025\/02\/Capture-decran-2025-02-05-a-17.07.05-1024x653.png\" alt=\"\" width=\"640\" height=\"408\" srcset=\"http:\/\/ceinturealimentairenamuroise.be\/wp-content\/uploads\/2025\/02\/Capture-decran-2025-02-05-a-17.07.05-1024x653.png 1024w, http:\/\/ceinturealimentairenamuroise.be\/wp-content\/uploads\/2025\/02\/Capture-decran-2025-02-05-a-17.07.05-300x191.png 300w, http:\/\/ceinturealimentairenamuroise.be\/wp-content\/uploads\/2025\/02\/Capture-decran-2025-02-05-a-17.07.05-768x490.png 768w, http:\/\/ceinturealimentairenamuroise.be\/wp-content\/uploads\/2025\/02\/Capture-decran-2025-02-05-a-17.07.05.png 1468w\" sizes=\"(max-width: 640px) 100vw, 640px\" \/><\/figure>\n<hr class=\"wp-block-separator has-alpha-channel-opacity\" \/><div class=\"wp-block-image\">\n<figure class=\"aligncenter size-full\"><img decoding=\"async\" width=\"184\" height=\"67\" class=\"wp-image-1589\" src=\"http:\/\/ceinturealimentairenamuroise.be\/wp-content\/uploads\/2025\/02\/tetrae.jpg\" alt=\"\" \/><\/figure>\n<\/div>\n<ul class=\"wp-block-list\">\n<li>Depuis janvier 2025, la CAN est partenaire du projet Transfrontalier TRANSAAT pour TRANsition des Syst\u00e8mes Agri-Alimentaires Territorialis\u00e9s. <br \/><br \/>Ancr\u00e9 dans la r\u00e9gion transfrontali\u00e8re du nord-est de la France, TRANSAAT vise \u00e0 :\uf0b7 \n<ul class=\"wp-block-list\">\n<li>co-construire, avec les partenaires et acteurs engag\u00e9s dans les transitions vers une alimentation plus durable, des connaissances sur les formes de transitions agri-alimentaires propices \u00e0 la relocalisation des flux et \u00e0 la reconnexion entre acteurs au sein de syst\u00e8mes agri-alimentaires territorialis\u00e9s :\uf0b7<\/li>\n\n<li>interroger en quoi la coop\u00e9ration transfrontali\u00e8re pourrait constituer un cadre original d\u2019innovation sur les syst\u00e8mes agri-alimentaires.<\/li>\n<\/ul>\n<\/li>\n\n<li>Les partenaires wallons de ce projet sont les CPA de Li\u00e8ge M\u00e9tropole, Coeur de Condroz, Namur et Parc Naturel Haute-S\u00fbre For\u00eat d\u2019Anlier, rejoints par le CPA de la CAN depuis le d\u00e9but de cette ann\u00e9e.La question qui sera particuli\u00e8rement trait\u00e9e au sein du CPA de la CAN est la suivante :\n<ul class=\"wp-block-list\">\n<li>Quels sont les effets des dynamiques impuls\u00e9es dans les PAT(1)\/CPA en mati\u00e8re de changements depratiques agricoles et agri-alimentaires effectifs ?<\/li>\n<\/ul>\n<\/li>\n\n<li>Nul doute que cette r\u00e9flexion alimentera les travaux qui viennent de d\u00e9marrer dans notre CPA.<\/li>\n\n<li>(1) PAT pour Projets Alimentaires Territoriaux, l\u2019\u00e9quivalent des CPA en France.<\/li>\n<\/ul>\n\t\t\t\t\t\t\t\t<\/div>\n\t\t\t\t<\/div>\n\t\t\t\t\t<\/div>\n\t\t<\/div>\n\t\t\t\t\t<\/div>\n\t\t<\/section>\n\t\t\t\t<\/div>\n\t\t","protected":false},"excerpt":{"rendered":"<p>Il s&rsquo;agit d&rsquo;une mission financ\u00e9e par le Gouvernement wallon. Celle-ci s\u2019inscrit dans la logique wallonne de mise en place de CPA (Conseils de politique alimentaire). Nous avons r\u00e9pondu \u00e0 cet appel \u00e0 projet en d\u00e9limitant notre champ d\u2019intervention \u00e0 10 communes du territoire de la CAN qui ne b\u00e9n\u00e9ficient pas encore de cette dynamique puisque, par ailleurs, et toujours sur [&hellip;]<\/p>\n","protected":false},"author":1,"featured_media":0,"parent":0,"menu_order":0,"comment_status":"closed","ping_status":"closed","template":"","meta":{"footnotes":""},"class_list":["post-863","page","type-page","status-publish","hentry"],"_links":{"self":[{"href":"http:\/\/ceinturealimentairenamuroise.be\/index.php?rest_route=\/wp\/v2\/pages\/863","targetHints":{"allow":["GET"]}}],"collection":[{"href":"http:\/\/ceinturealimentairenamuroise.be\/index.php?rest_route=\/wp\/v2\/pages"}],"about":[{"href":"http:\/\/ceinturealimentairenamuroise.be\/index.php?rest_route=\/wp\/v2\/types\/page"}],"author":[{"embeddable":true,"href":"http:\/\/ceinturealimentairenamuroise.be\/index.php?rest_route=\/wp\/v2\/users\/1"}],"replies":[{"embeddable":true,"href":"http:\/\/ceinturealimentairenamuroise.be\/index.php?rest_route=%2Fwp%2Fv2%2Fcomments&post=863"}],"version-history":[{"count":13,"href":"http:\/\/ceinturealimentairenamuroise.be\/index.php?rest_route=\/wp\/v2\/pages\/863\/revisions"}],"predecessor-version":[{"id":1611,"href":"http:\/\/ceinturealimentairenamuroise.be\/index.php?rest_route=\/wp\/v2\/pages\/863\/revisions\/1611"}],"wp:attachment":[{"href":"http:\/\/ceinturealimentairenamuroise.be\/index.php?rest_route=%2Fwp%2Fv2%2Fmedia&parent=863"}],"curies":[{"name":"wp","href":"https:\/\/api.w.org\/{rel}","templated":true}]}}