{"id":38,"date":"2023-02-27T09:58:43","date_gmt":"2023-02-27T08:58:43","guid":{"rendered":"http:\/\/ceinturealimentairenamuroise.be\/?page_id=38"},"modified":"2024-03-12T10:09:00","modified_gmt":"2024-03-12T09:09:00","slug":"droit-a-lalimentation","status":"publish","type":"page","link":"http:\/\/ceinturealimentairenamuroise.be\/?page_id=38","title":{"rendered":"Droit \u00e0 l&rsquo;alimentation et SSA"},"content":{"rendered":"\t\t<div data-elementor-type=\"wp-page\" data-elementor-id=\"38\" class=\"elementor elementor-38\">\n\t\t\t\t\t\t<section class=\"elementor-section elementor-top-section elementor-element elementor-element-1a83d882 elementor-section-boxed elementor-section-height-default elementor-section-height-default\" data-id=\"1a83d882\" data-element_type=\"section\" data-e-type=\"section\">\n\t\t\t\t\t\t<div class=\"elementor-container elementor-column-gap-default\">\n\t\t\t\t\t<div class=\"elementor-column elementor-col-100 elementor-top-column elementor-element elementor-element-16f956b8\" data-id=\"16f956b8\" data-element_type=\"column\" data-e-type=\"column\">\n\t\t\t<div class=\"elementor-widget-wrap elementor-element-populated\">\n\t\t\t\t\t\t<div class=\"elementor-element elementor-element-79a26716 elementor-widget elementor-widget-text-editor\" data-id=\"79a26716\" data-element_type=\"widget\" data-e-type=\"widget\" data-widget_type=\"text-editor.default\">\n\t\t\t\t<div class=\"elementor-widget-container\">\n\t\t\t\t\t\t\t\t\t<p><\/p>\n<p>\u00ab Droit de disposer d\u2018un acc\u00e8s r\u00e9gulier, permanent et libre, soit directement, soit au moyen d&rsquo;achats mon\u00e9taires, \u00e0 une nourriture quantitativement et qualitativement ad\u00e9quate et suffisante, correspondant aux traditions culturelles du peuple dont est issu le consommateur, et qui assure une vie psychique, physique, individuelle et collective, libre d&rsquo;angoisse, satisfaisante et digne \u00bb. [Jean Ziegler, ancien rapporteur des Nations-Unies sur le droit \u00e0 l\u2019alimentation]<\/p>\n<p><\/p>\n<p><\/p>\n<p><\/p>\n<p><\/p>\n<p>Voir aussi : <a href=\"https:\/\/www.fao.org\/policy-support\/policy-themes\/right-to-food\/fr\/\" target=\"_blank\" rel=\"noreferrer noopener\">https:\/\/www.fao.org\/policy-support\/policy-themes\/right-to-food\/fr\/ <\/a><\/p>\n<p><\/p>\n<p><\/p>\n<h3>Raison pour laquelle, la CAN est favorable \u00e0 la mise en place d&rsquo;une SSA, <b>une s\u00e9curit\u00e9 sociale de l&rsquo;alimentation<\/b><\/h3>\n<p><\/p>\n<p><div class=\"wp-block-image\"><\/p>\n<figure class=\"aligncenter size-large\"><img fetchpriority=\"high\" decoding=\"async\" width=\"1024\" height=\"790\" src=\"http:\/\/ceinturealimentairenamuroise.be\/wp-content\/uploads\/2024\/03\/Capture-decran-2024-03-09-a-15.18.06-1024x790.png\" alt=\"\" class=\"wp-image-883\" srcset=\"http:\/\/ceinturealimentairenamuroise.be\/wp-content\/uploads\/2024\/03\/Capture-decran-2024-03-09-a-15.18.06-1024x790.png 1024w, http:\/\/ceinturealimentairenamuroise.be\/wp-content\/uploads\/2024\/03\/Capture-decran-2024-03-09-a-15.18.06-300x231.png 300w, http:\/\/ceinturealimentairenamuroise.be\/wp-content\/uploads\/2024\/03\/Capture-decran-2024-03-09-a-15.18.06-768x592.png 768w, http:\/\/ceinturealimentairenamuroise.be\/wp-content\/uploads\/2024\/03\/Capture-decran-2024-03-09-a-15.18.06-1536x1184.png 1536w, http:\/\/ceinturealimentairenamuroise.be\/wp-content\/uploads\/2024\/03\/Capture-decran-2024-03-09-a-15.18.06.png 1564w\" sizes=\"(max-width: 1024px) 100vw, 1024px\" \/><\/figure>\n<p><\/div><\/p>\n<p><\/p>\n<p>Pour en comprendre le principe g\u00e9n\u00e9ral, <a href=\"https:\/\/www.campagne-ssa.be\/les-quatre-declinaisons-de-la-ssa\/\">cliquez ici<\/a><\/p>\n<p><\/p>\n<p><\/p>\n<p>Pour d\u00e9couvrir l&rsquo;int\u00e9r\u00eat<br>&#8211; point de vue <a href=\"https:\/\/www.campagne-ssa.be\/les-quatre-axes-de-la-ssa\/sante\/\">sant\u00e9<\/a><br>&#8211; point de vue <a href=\"https:\/\/www.campagne-ssa.be\/les-quatre-axes-de-la-ssa\/democratie\/\">d\u00e9mocratie<\/a><br>&#8211; point de vue <a href=\"https:\/\/www.campagne-ssa.be\/les-quatre-axes-de-la-ssa\/precarite\/\">pr\u00e9carit\u00e9<\/a><br>&#8211; point de vue <a href=\"https:\/\/www.campagne-ssa.be\/les-quatre-axes-de-la-ssa\/production\/\">production et distribution<\/a> &#8230; 4 petites vid\u00e9os explicites<\/p>\n<p><\/p>\n<p>&nbsp;<\/p>\t\t\t\t\t\t\t\t<\/div>\n\t\t\t\t<\/div>\n\t\t\t\t\t<\/div>\n\t\t<\/div>\n\t\t\t\t\t<\/div>\n\t\t<\/section>\n\t\t\t\t<\/div>\n\t\t","protected":false},"excerpt":{"rendered":"<p>\u00ab Droit de disposer d\u2018un acc\u00e8s r\u00e9gulier, permanent et libre, soit directement, soit au moyen d&rsquo;achats mon\u00e9taires, \u00e0 une nourriture quantitativement et qualitativement ad\u00e9quate et suffisante, correspondant aux traditions culturelles du peuple dont est issu le consommateur, et qui assure une vie psychique, physique, individuelle et collective, libre d&rsquo;angoisse, satisfaisante et digne \u00bb. [Jean Ziegler, ancien rapporteur des Nations-Unies sur [&hellip;]<\/p>\n","protected":false},"author":1,"featured_media":708,"parent":0,"menu_order":0,"comment_status":"closed","ping_status":"closed","template":"","meta":{"footnotes":""},"class_list":["post-38","page","type-page","status-publish","has-post-thumbnail","hentry"],"_links":{"self":[{"href":"http:\/\/ceinturealimentairenamuroise.be\/index.php?rest_route=\/wp\/v2\/pages\/38","targetHints":{"allow":["GET"]}}],"collection":[{"href":"http:\/\/ceinturealimentairenamuroise.be\/index.php?rest_route=\/wp\/v2\/pages"}],"about":[{"href":"http:\/\/ceinturealimentairenamuroise.be\/index.php?rest_route=\/wp\/v2\/types\/page"}],"author":[{"embeddable":true,"href":"http:\/\/ceinturealimentairenamuroise.be\/index.php?rest_route=\/wp\/v2\/users\/1"}],"replies":[{"embeddable":true,"href":"http:\/\/ceinturealimentairenamuroise.be\/index.php?rest_route=%2Fwp%2Fv2%2Fcomments&post=38"}],"version-history":[{"count":16,"href":"http:\/\/ceinturealimentairenamuroise.be\/index.php?rest_route=\/wp\/v2\/pages\/38\/revisions"}],"predecessor-version":[{"id":985,"href":"http:\/\/ceinturealimentairenamuroise.be\/index.php?rest_route=\/wp\/v2\/pages\/38\/revisions\/985"}],"wp:featuredmedia":[{"embeddable":true,"href":"http:\/\/ceinturealimentairenamuroise.be\/index.php?rest_route=\/wp\/v2\/media\/708"}],"wp:attachment":[{"href":"http:\/\/ceinturealimentairenamuroise.be\/index.php?rest_route=%2Fwp%2Fv2%2Fmedia&parent=38"}],"curies":[{"name":"wp","href":"https:\/\/api.w.org\/{rel}","templated":true}]}}