{"id":35,"date":"2023-02-27T09:57:02","date_gmt":"2023-02-27T08:57:02","guid":{"rendered":"http:\/\/ceinturealimentairenamuroise.be\/?page_id=35"},"modified":"2026-02-08T11:53:02","modified_gmt":"2026-02-08T10:53:02","slug":"groupe-de-pilotage","status":"publish","type":"page","link":"http:\/\/ceinturealimentairenamuroise.be\/?page_id=35","title":{"rendered":"Pilotage"},"content":{"rendered":"\n<div class=\"wp-block-media-text is-stacked-on-mobile\"><figure class=\"wp-block-media-text__media\"><img fetchpriority=\"high\" decoding=\"async\" width=\"759\" height=\"697\" src=\"http:\/\/ceinturealimentairenamuroise.be\/wp-content\/uploads\/2024\/02\/boussole_complete_v2.png\" alt=\"\" class=\"wp-image-703 size-full\" srcset=\"http:\/\/ceinturealimentairenamuroise.be\/wp-content\/uploads\/2024\/02\/boussole_complete_v2.png 759w, http:\/\/ceinturealimentairenamuroise.be\/wp-content\/uploads\/2024\/02\/boussole_complete_v2-300x275.png 300w\" sizes=\"(max-width: 759px) 100vw, 759px\" \/><\/figure><div class=\"wp-block-media-text__content\">\n<p>Le projet de Ceinture alimentaire sur Namur a d\u00e9but\u00e9 \u00e0 l&rsquo;initiative du&nbsp;<strong>R\u00e9seau des Collectifs en Recherche de R\u00e9silience<\/strong>, le <a href=\"http:\/\/www.asblrcr.be\" target=\"_blank\" rel=\"noreferrer noopener\">RCR<sup>2<\/sup><\/a>, une ASBL dont le si\u00e8ge social est bas\u00e9 place l&rsquo;Ilon, 13 \u00e0 Namur. Cette association&nbsp;fait la promotion active d&rsquo;initiatives locales, collectives et auto-g\u00e9r\u00e9es qui permettent de remettre l\u2019humain et l\u2019environnement au centre des pr\u00e9occupations et de reconstruire un syst\u00e8me viable sur le long terme.<\/p>\n\n\n\n<p>Pendant 4 ann\u00e9es, c&rsquo;est en association de fait que le chantier a \u00e9t\u00e9 men\u00e9.<\/p>\n\n\n\n<p>Le 7 mars 2023, la CAN a pris statut d&rsquo;ASBL.<\/p>\n<\/div><\/div>\n\n\n\n<p><strong>Les membres de l&rsquo;Assembl\u00e9e g\u00e9n\u00e9rale sont :<\/strong><\/p>\n\n\n\n<ul class=\"wp-block-list\">\n<li>BERHIN Michel, citoyen<\/li>\n\n\n\n<li>CAO Damien, citoyen<\/li>\n\n\n\n<li>CPA Coeur de Condroz ASBL repr\u00e9sent\u00e9e par LEONET Adeline<\/li>\n\n\n\n<li>CPCP ASBL repr\u00e9sent\u00e9e par VANHESE Louise<\/li>\n\n\n\n<li>Cuisine sauvage ASBL repr\u00e9sent\u00e9e par RAWAY Lionel<\/li>\n\n\n\n<li>CURVERS Ga\u00eblle, citoyenne<\/li>\n\n\n\n<li>GAILLEZ Anne, citoyenne<\/li>\n\n\n\n<li>GENARD Olivier, citoyen<\/li>\n\n\n\n<li>GILLET C\u00e9lia, citoyenne<\/li>\n\n\n\n<li>HEYMANS Juliette, citoyenne<\/li>\n\n\n\n<li>JADAC ASBL repr\u00e9sent\u00e9e par BERTIAUX Pierre-Fran\u00e7ois<\/li>\n\n\n\n<li>JANE ALUJA H\u00e9l\u00e8ne, citoyenne<\/li>\n\n\n\n<li>Jardins de la Vecqu\u00e9e repr\u00e9sent\u00e9 par De MUNCK Luc<\/li>\n\n\n\n<li>La Coop\u00e9rative de la Tige Cointinne (Coof) repr\u00e9sent\u00e9e par ANCIAUX Xavier<\/li>\n\n\n\n<li>LAVIOLETTE Fran\u00e7ois, citoyen<\/li>\n\n\n\n<li>Le Perron de l\u2019Ilon ASBL repr\u00e9sent\u00e9e par LECLERQ Gregory<\/li>\n\n\n\n<li>La Maison de l\u2019Ecologie ASBL repr\u00e9sent\u00e9e par FAURE Emilie<\/li>\n\n\n\n<li>MAROT Florine, citoyenne<\/li>\n\n\n\n<li>MATTERNE Florian, citoyen<\/li>\n\n\n\n<li>Objectif R\u00e9silience Alimentaire ASBL repr\u00e9sent\u00e9e par PIRAUX Gaston<\/li>\n\n\n\n<li>RCR\u00b2 ASBL repr\u00e9sent\u00e9e par CAO Damien<\/li>\n\n\n\n<li>UNamur D\u00e9partement GEO repr\u00e9sent\u00e9 par DENDONCKER Nicolas<\/li>\n\n\n\n<li>VANNUFFEL Sigrid, citoyenne<\/li>\n<\/ul>\n\n\n\n<figure class=\"wp-block-image size-large\"><img decoding=\"async\" width=\"1024\" height=\"577\" src=\"http:\/\/ceinturealimentairenamuroise.be\/wp-content\/uploads\/2024\/03\/20230307_191338-1024x577.jpg\" alt=\"\" class=\"wp-image-873\" srcset=\"http:\/\/ceinturealimentairenamuroise.be\/wp-content\/uploads\/2024\/03\/20230307_191338-1024x577.jpg 1024w, http:\/\/ceinturealimentairenamuroise.be\/wp-content\/uploads\/2024\/03\/20230307_191338-300x169.jpg 300w, http:\/\/ceinturealimentairenamuroise.be\/wp-content\/uploads\/2024\/03\/20230307_191338-768x432.jpg 768w, http:\/\/ceinturealimentairenamuroise.be\/wp-content\/uploads\/2024\/03\/20230307_191338-1536x865.jpg 1536w, http:\/\/ceinturealimentairenamuroise.be\/wp-content\/uploads\/2024\/03\/20230307_191338-2048x1153.jpg 2048w\" sizes=\"(max-width: 1024px) 100vw, 1024px\" \/><\/figure>\n\n\n\n<p><strong>L&rsquo;Organe d&rsquo;administration est compos\u00e9 de<\/strong><\/p>\n\n\n\n<ul class=\"wp-block-list\">\n<li>CAO Damien<\/li>\n\n\n\n<li>CURVERS Ga\u00eblle <\/li>\n\n\n\n<li>JADAC ASBL \/ BE0776.517.959 repr\u00e9sent\u00e9e par BERTIAUX Pierre-Fran\u00e7ois<\/li>\n\n\n\n<li>GENARD Olivier <\/li>\n\n\n\n<li>GILLET C\u00e9lia <\/li>\n\n\n\n<li>BERHIN Michel<\/li>\n<\/ul>\n\n\n\n<figure class=\"wp-block-image size-large\"><img decoding=\"async\" width=\"1024\" height=\"262\" src=\"http:\/\/ceinturealimentairenamuroise.be\/wp-content\/uploads\/2024\/02\/OA-CANNBL-1024x262.jpg\" alt=\"\" class=\"wp-image-704\" srcset=\"http:\/\/ceinturealimentairenamuroise.be\/wp-content\/uploads\/2024\/02\/OA-CANNBL-1024x262.jpg 1024w, http:\/\/ceinturealimentairenamuroise.be\/wp-content\/uploads\/2024\/02\/OA-CANNBL-300x77.jpg 300w, http:\/\/ceinturealimentairenamuroise.be\/wp-content\/uploads\/2024\/02\/OA-CANNBL-768x197.jpg 768w, http:\/\/ceinturealimentairenamuroise.be\/wp-content\/uploads\/2024\/02\/OA-CANNBL-1536x393.jpg 1536w, http:\/\/ceinturealimentairenamuroise.be\/wp-content\/uploads\/2024\/02\/OA-CANNBL.jpg 1862w\" sizes=\"(max-width: 1024px) 100vw, 1024px\" \/><\/figure>\n\n\n\n<p><strong>Historique<\/strong><\/p>\n\n\n\n<p>D\u00e8s la constitution en Association de fait, ce sont une trentaine de citoyen.ne.s et associations qui ont r\u00e9pondu \u00e0 l&rsquo;appel \u00e0 manifestation d&rsquo;int\u00e9r\u00eat lanc\u00e9 en janvier 2019 par H\u00e9l\u00e8ne Jan\u00e9-Aluja, \u00e0 l&rsquo;\u00e9poque, charg\u00e9e de projet au RCR.<\/p>\n\n\n\n<p>Une premi\u00e8re r\u00e9union s&rsquo;est tenue au si\u00e8ge du RCR, le 20 f\u00e9vrier 2019. Elle a \u00e9t\u00e9 suivi d&rsquo;une seconde s\u00e9ance plus participative encore, le 24 mai dans les locaux de la taverne jamboise : le 500.<\/p>\n\n\n\n<p>Dans la foul\u00e9e, un comit\u00e9 de pilotage a \u00e9t\u00e9 mis sur pied qui balisera le travail pendant 4 ann\u00e9es. Il a \u00e9t\u00e9 rejoint fin 2019 par <a rel=\"noreferrer noopener\" href=\"https:\/\/www.iew.be\/\" target=\"_blank\">IEW<\/a>, <strong>Inter Environnement Wallonie, <\/strong>devenu aujourd&rsquo;hui<strong> Canopea<\/strong><\/p>\n\n\n\n<p>Un groupe de pilotage a fonctionn\u00e9 avec le concours de&nbsp; :<\/p>\n\n\n\n<ul class=\"wp-block-list\">\n<li><strong>H\u00e9l\u00e8ne Jan\u00e9-Aluja<\/strong>, charg\u00e9 de projet RCR<\/li>\n\n\n\n<li><strong>Damien Cao<\/strong> charg\u00e9 de mission au RCR2<\/li>\n\n\n\n<li><strong>Michel Berhin<\/strong>, militant aux c\u00f4t\u00e9s des producteurs de fromages au lait cru (PFLC-Gie)<\/li>\n\n\n\n<li><strong>Nicolas Dedoncker<\/strong>, directeur du d\u00e9partement de G\u00e9ographie de l&rsquo;UNamur en charge, \u00e0 ce titre du&nbsp;NaGRIDD, (Namur Groupe de Recherche Interdisciplinaire en D\u00e9veloppement Durable)<\/li>\n\n\n\n<li><strong>Olivier Genard<\/strong>, responsable de l&rsquo;unit\u00e9 d&rsquo;appui au projet \u00ab\u00a0Iles de Paix\u00a0\u00bb<\/li>\n\n\n\n<li><strong>Juliette Heymans<\/strong>, charg\u00e9e de communication chez Espace Environnement<\/li>\n\n\n\n<li><strong>Louise Vanh\u00e8se<\/strong>, charg\u00e9e de projet au CPCP, Centre Permanent pour la Citoyennet\u00e9 et la Participation<\/li>\n<\/ul>\n\n\n\n<p>\u00e9paul\u00e9s avec r\u00e9gularit\u00e9 par :<\/p>\n\n\n\n<ul class=\"wp-block-list\">\n<li><strong>Anne Thibaut, <\/strong>Charg\u00e9e de projet \u00ab\u00a0Alimentation\u00a0\u00bb chez IEW<\/li>\n\n\n\n<li><strong>Claire SaintMard<\/strong>, \u00e9coconseill\u00e8re \u00e0 la Ville de Namur, Membre du SAC\u00e9 (Service Air, Climat, Energie)<\/li>\n\n\n\n<li><strong>Jurg Schuppisser<\/strong>, citoyen et par ailleurs r\u00e9dacteur \u00e0 Val\u00e9riane, revue de Nature et Progr\u00e8s<\/li>\n\n\n\n<li><strong>Ga\u00eblle Van Ingelghem<\/strong>, charg\u00e9e de mission territoriale pour Namur, au sein de \u00ab\u00a0Manger demain\u00a0\u00bb, Green Deal<\/li>\n\n\n\n<li><strong>Genevi\u00e8ve Malherbe, <\/strong>charg\u00e9e de mission pour Manger Demain, Soutien au circuit court<\/li>\n\n\n\n<li><strong>Corentin Hecquet<\/strong>, administrateur chez Rhizosph\u00e8re, docteur en Sciences de l\u2019environnement de l\u2019Universit\u00e9 de Li\u00e8ge et collaborateur scientifique pour SEED, Equipe de recherche de l&rsquo;ULi\u00e8ge<\/li>\n\n\n\n<li><strong>Ludivine Alen<\/strong>, Membre du SAC\u00e9 (Service Air, Climat, Energie) \u00e0 l&rsquo;\u00e9chevinat de la transition &#8211; Charlotte Mouget<\/li>\n\n\n\n<li><strong>Fran\u00e7ois Laviolette<\/strong>, citoyen et par ailleurs&nbsp;Agent Natura 2000 au D\u00e9partement de la Nature et des For\u00eats du SPW<\/li>\n\n\n\n<li><strong>Lionel Raway<\/strong>, directeur de l&rsquo;ASBL namuroise \u00ab\u00a0Cuisine sauvage\u00a0\u00bb<\/li>\n\n\n\n<li><strong>M\u00e9lanie Degroote<\/strong>, coordinatrice r\u00e9gionale d&rsquo;Oxfam Magasin du monde<\/li>\n\n\n\n<li><strong>Pierre Fran\u00e7ois Bertieaux<\/strong>, promoteur du projet JADAC, Jardin d&rsquo;\u00e0 c\u00f4t\u00e9 (pool de formation en mara\u00eechage)<\/li>\n<\/ul>\n\n\n\n<p>Et a vu passer en son sein, pour des interactions bien enrichissantes,<\/p>\n\n\n\n<p><\/p>\n\n\n\n<ul class=\"wp-block-list\">\n<li><strong>Fr\u00e9d\u00e9ric Jadoul<\/strong>, mara\u00eecher \u00e0 Eghez\u00e9e et membre Agricovert<\/li>\n<\/ul>\n\n\n\n<ul class=\"wp-block-list\">\n<li><strong>Vitor Bueno Costa<\/strong>, doctorant \u00e0 l&rsquo;UNamur<\/li>\n<\/ul>\n\n\n\n<ul class=\"wp-block-list\">\n<li><strong>Sara Bellens<\/strong>, eco-conseill\u00e8re en formation, stagiaire au sein de la CAN<\/li>\n<\/ul>\n\n\n\n<ul class=\"wp-block-list\">\n<li><strong>Philippe Raway<\/strong>, \u00e9coconseiller \u00e0 la Ville de Namur<\/li>\n<\/ul>\n\n\n\n<p>Qu&rsquo;i\u00b7e\u00b7ls en soient tou\u00b7te\u00b7s remerci\u00e9\u00b7e\u00b7s<\/p>\n\n\n\n<p>Derni\u00e8re mise \u00e0 jour : 3 octobre 2025<\/p>\n\n\n\n<p>L&rsquo;\u00e9quipe au quotidien, pilot\u00e9e par l&rsquo;OA b\u00e9n\u00e9ficie de l&rsquo;appui de 3 personnes engag\u00e9es sur des financements \u00ab\u00a0R\u00e9gion Wallonne\u00a0\u00bb (Budgets Ceinture alimentaire et Conseil de politique alimentaire)<\/p>\n\n\n\n<figure class=\"wp-block-image size-large\"><img loading=\"lazy\" decoding=\"async\" width=\"1024\" height=\"426\" src=\"http:\/\/ceinturealimentairenamuroise.be\/wp-content\/uploads\/2026\/02\/equipeCAN-1024x426.jpg\" alt=\"\" class=\"wp-image-2161\" srcset=\"http:\/\/ceinturealimentairenamuroise.be\/wp-content\/uploads\/2026\/02\/equipeCAN-1024x426.jpg 1024w, http:\/\/ceinturealimentairenamuroise.be\/wp-content\/uploads\/2026\/02\/equipeCAN-300x125.jpg 300w, http:\/\/ceinturealimentairenamuroise.be\/wp-content\/uploads\/2026\/02\/equipeCAN-768x319.jpg 768w, http:\/\/ceinturealimentairenamuroise.be\/wp-content\/uploads\/2026\/02\/equipeCAN.jpg 1138w\" sizes=\"(max-width: 1024px) 100vw, 1024px\" \/><\/figure>\n\n\n\n<p>Compos\u00e9e de <strong>Michel Berhin &#8211; Olivier Genard &#8211; C\u00e9cile Patris &#8211; Romane Schadeck &#8211; Olivia Calleja-Trimino &#8211; Pierre Bertieaux<\/strong><\/p>\n\n\n\n<p><\/p>\n","protected":false},"excerpt":{"rendered":"<p>Le projet de Ceinture alimentaire sur Namur a d\u00e9but\u00e9 \u00e0 l&rsquo;initiative du&nbsp;R\u00e9seau des Collectifs en Recherche de R\u00e9silience, le RCR2, une ASBL dont le si\u00e8ge social est bas\u00e9 place l&rsquo;Ilon, 13 \u00e0 Namur. Cette association&nbsp;fait la promotion active d&rsquo;initiatives locales, collectives et auto-g\u00e9r\u00e9es qui permettent de remettre l\u2019humain et l\u2019environnement au centre des pr\u00e9occupations et de reconstruire un syst\u00e8me viable [&hellip;]<\/p>\n","protected":false},"author":1,"featured_media":0,"parent":0,"menu_order":0,"comment_status":"closed","ping_status":"closed","template":"","meta":{"footnotes":""},"class_list":["post-35","page","type-page","status-publish","hentry"],"_links":{"self":[{"href":"http:\/\/ceinturealimentairenamuroise.be\/index.php?rest_route=\/wp\/v2\/pages\/35","targetHints":{"allow":["GET"]}}],"collection":[{"href":"http:\/\/ceinturealimentairenamuroise.be\/index.php?rest_route=\/wp\/v2\/pages"}],"about":[{"href":"http:\/\/ceinturealimentairenamuroise.be\/index.php?rest_route=\/wp\/v2\/types\/page"}],"author":[{"embeddable":true,"href":"http:\/\/ceinturealimentairenamuroise.be\/index.php?rest_route=\/wp\/v2\/users\/1"}],"replies":[{"embeddable":true,"href":"http:\/\/ceinturealimentairenamuroise.be\/index.php?rest_route=%2Fwp%2Fv2%2Fcomments&post=35"}],"version-history":[{"count":17,"href":"http:\/\/ceinturealimentairenamuroise.be\/index.php?rest_route=\/wp\/v2\/pages\/35\/revisions"}],"predecessor-version":[{"id":2162,"href":"http:\/\/ceinturealimentairenamuroise.be\/index.php?rest_route=\/wp\/v2\/pages\/35\/revisions\/2162"}],"wp:attachment":[{"href":"http:\/\/ceinturealimentairenamuroise.be\/index.php?rest_route=%2Fwp%2Fv2%2Fmedia&parent=35"}],"curies":[{"name":"wp","href":"https:\/\/api.w.org\/{rel}","templated":true}]}}