{"id":32,"date":"2023-02-27T09:47:29","date_gmt":"2023-02-27T08:47:29","guid":{"rendered":"http:\/\/ceinturealimentairenamuroise.be\/?page_id=32"},"modified":"2025-07-29T13:00:20","modified_gmt":"2025-07-29T11:00:20","slug":"premiere-visite","status":"publish","type":"page","link":"http:\/\/ceinturealimentairenamuroise.be\/","title":{"rendered":"Premi\u00e8re visite"},"content":{"rendered":"\t\t<div data-elementor-type=\"wp-page\" data-elementor-id=\"32\" class=\"elementor elementor-32\">\n\t\t\t\t\t\t<section class=\"elementor-section elementor-top-section elementor-element elementor-element-c7793af elementor-section-boxed elementor-section-height-default elementor-section-height-default\" data-id=\"c7793af\" data-element_type=\"section\" data-e-type=\"section\">\n\t\t\t\t\t\t<div class=\"elementor-container elementor-column-gap-default\">\n\t\t\t\t\t<div class=\"elementor-column elementor-col-100 elementor-top-column elementor-element elementor-element-6feb5fe\" data-id=\"6feb5fe\" data-element_type=\"column\" data-e-type=\"column\">\n\t\t\t<div class=\"elementor-widget-wrap\">\n\t\t\t\t\t\t\t<\/div>\n\t\t<\/div>\n\t\t\t\t\t<\/div>\n\t\t<\/section>\n\t\t\t\t<section class=\"elementor-section elementor-top-section elementor-element elementor-element-ca6ac30 elementor-section-boxed elementor-section-height-default elementor-section-height-default\" data-id=\"ca6ac30\" data-element_type=\"section\" data-e-type=\"section\">\n\t\t\t\t\t\t<div class=\"elementor-container elementor-column-gap-default\">\n\t\t\t\t\t<div class=\"elementor-column elementor-col-100 elementor-top-column elementor-element elementor-element-3e1b5d7\" data-id=\"3e1b5d7\" data-element_type=\"column\" data-e-type=\"column\">\n\t\t\t<div class=\"elementor-widget-wrap elementor-element-populated\">\n\t\t\t\t\t\t<div class=\"elementor-element elementor-element-ae8c35a elementor-widget elementor-widget-image\" data-id=\"ae8c35a\" data-element_type=\"widget\" data-e-type=\"widget\" data-widget_type=\"image.default\">\n\t\t\t\t<div class=\"elementor-widget-container\">\n\t\t\t\t\t\t\t\t\t\t\t\t\t\t\t\t<a href=\"http:\/\/ceinturealimentairenamuroise.be\/?p=1285\" target=\"_blank\">\n\t\t\t\t\t\t\t<img decoding=\"async\" src=\"http:\/\/ceinturealimentairenamuroise.be\/wp-content\/uploads\/2024\/09\/2soirees.jpeg\" title=\"\" alt=\"\" loading=\"lazy\" \/>\t\t\t\t\t\t\t\t<\/a>\n\t\t\t\t\t\t\t\t\t\t\t\t\t\t\t<\/div>\n\t\t\t\t<\/div>\n\t\t\t\t<div class=\"elementor-element elementor-element-f194cd8 elementor-widget elementor-widget-image\" data-id=\"f194cd8\" data-element_type=\"widget\" data-e-type=\"widget\" data-widget_type=\"image.default\">\n\t\t\t\t<div class=\"elementor-widget-container\">\n\t\t\t\t\t\t\t\t\t\t\t\t\t\t\t<img fetchpriority=\"high\" decoding=\"async\" width=\"640\" height=\"215\" src=\"http:\/\/ceinturealimentairenamuroise.be\/wp-content\/uploads\/2024\/01\/goyetserres-1024x344.jpg\" class=\"attachment-large size-large wp-image-681\" alt=\"\" srcset=\"http:\/\/ceinturealimentairenamuroise.be\/wp-content\/uploads\/2024\/01\/goyetserres-1024x344.jpg 1024w, http:\/\/ceinturealimentairenamuroise.be\/wp-content\/uploads\/2024\/01\/goyetserres-300x101.jpg 300w, http:\/\/ceinturealimentairenamuroise.be\/wp-content\/uploads\/2024\/01\/goyetserres-768x258.jpg 768w, http:\/\/ceinturealimentairenamuroise.be\/wp-content\/uploads\/2024\/01\/goyetserres-1536x516.jpg 1536w, http:\/\/ceinturealimentairenamuroise.be\/wp-content\/uploads\/2024\/01\/goyetserres-2048x687.jpg 2048w\" sizes=\"(max-width: 640px) 100vw, 640px\" \/>\t\t\t\t\t\t\t\t\t\t\t\t\t\t\t<\/div>\n\t\t\t\t<\/div>\n\t\t\t\t\t<\/div>\n\t\t<\/div>\n\t\t\t\t\t<\/div>\n\t\t<\/section>\n\t\t\t\t<section class=\"elementor-section elementor-top-section elementor-element elementor-element-5a962c72 elementor-section-boxed elementor-section-height-default elementor-section-height-default\" data-id=\"5a962c72\" data-element_type=\"section\" data-e-type=\"section\">\n\t\t\t\t\t\t<div class=\"elementor-container elementor-column-gap-default\">\n\t\t\t\t\t<div class=\"elementor-column elementor-col-100 elementor-top-column elementor-element elementor-element-37608452\" data-id=\"37608452\" data-element_type=\"column\" data-e-type=\"column\">\n\t\t\t<div class=\"elementor-widget-wrap elementor-element-populated\">\n\t\t\t\t\t\t<div class=\"elementor-element elementor-element-28b68972 elementor-widget elementor-widget-text-editor\" data-id=\"28b68972\" data-element_type=\"widget\" data-e-type=\"widget\" data-widget_type=\"text-editor.default\">\n\t\t\t\t<div class=\"elementor-widget-container\">\n\t\t\t\t\t\t\t\t\t<p><\/p>\n<p><a href=\"https:\/\/p9.storage.canalblog.com\/90\/53\/1665034\/130171319_o.jpg\" target=\"_blank\" rel=\"noreferrer noopener\"><\/a>Bienvenue sur le blog\/site de la CAN, Ceinture alimentaire namuroise. Un projet de r\u00e9silience territoriale visant \u00e0 construire de fa\u00e7on citoyenne et associative, une zone alimentaire autonome et r\u00e9siliente autour de Namur.<\/p>\n<p><\/p>\n<p><\/p>\n<p>Ce projet se construit en \u00e9troite collaboration avec Ccr\u00e9alim, le collectif des diff\u00e9rents R\u00e9seaux territoriaux et Ceintures alimentaires de Wallonie, principalement autour des m\u00e9tropoles de Tournai, Charleroi, Huy, Li\u00e8ge et Verviers, mais aussi sur les territoires du Brabant Wallon et du Luxembourg.<\/p>\n<p><\/p>\n<p><\/p>\n<p><strong>Mode d&#8217;emploi <\/strong>:<\/p>\n<p><\/p>\n<p><\/p>\n<p>&#8211; Le blog affiche sur sa page d&rsquo;accueil le dernier message post\u00e9 en lien avec l&rsquo;actualit\u00e9<\/p>\n<p><\/p>\n<p><\/p>\n<p>&#8211; Le Menu permet une visite en arborescence libre, sur des pages au contenu plus permanent, m\u00eame s&rsquo;il est \u00e9vident qu&rsquo;elles font l&rsquo;objet de mises \u00e0 jour et d\u00e9veloppements.<\/p>\n<p><\/p>\n<p><\/p>\n<p>&#8211; Dans l&rsquo;onglet \u00ab\u00a0Accueil\u00a0\u00bb, vous avez acc\u00e8s \u00e0 \u00ab\u00a0Premi\u00e8re visite\u00a0\u00bb, la page sur laquelle vous \u00eates en ce moment.<\/p>\n<p><\/p>\t\t\t\t\t\t\t\t<\/div>\n\t\t\t\t<\/div>\n\t\t\t\t\t<\/div>\n\t\t<\/div>\n\t\t\t\t\t<\/div>\n\t\t<\/section>\n\t\t\t\t<section class=\"elementor-section elementor-top-section elementor-element elementor-element-4b62b7f elementor-section-boxed elementor-section-height-default elementor-section-height-default\" data-id=\"4b62b7f\" data-element_type=\"section\" data-e-type=\"section\">\n\t\t\t\t\t\t<div class=\"elementor-container elementor-column-gap-default\">\n\t\t\t\t\t<div class=\"elementor-column elementor-col-100 elementor-top-column elementor-element elementor-element-0818b11\" data-id=\"0818b11\" data-element_type=\"column\" data-e-type=\"column\">\n\t\t\t<div class=\"elementor-widget-wrap elementor-element-populated\">\n\t\t\t\t\t\t<div class=\"elementor-element elementor-element-26434d5 elementor-widget elementor-widget-image\" data-id=\"26434d5\" data-element_type=\"widget\" data-e-type=\"widget\" data-widget_type=\"image.default\">\n\t\t\t\t<div class=\"elementor-widget-container\">\n\t\t\t\t\t\t\t\t\t\t\t\t\t\t\t<img decoding=\"async\" width=\"300\" height=\"80\" src=\"http:\/\/ceinturealimentairenamuroise.be\/wp-content\/uploads\/2024\/04\/quadrilogo-300x80.jpg\" class=\"attachment-medium size-medium wp-image-1045\" alt=\"\" srcset=\"http:\/\/ceinturealimentairenamuroise.be\/wp-content\/uploads\/2024\/04\/quadrilogo-300x80.jpg 300w, http:\/\/ceinturealimentairenamuroise.be\/wp-content\/uploads\/2024\/04\/quadrilogo-1024x273.jpg 1024w, http:\/\/ceinturealimentairenamuroise.be\/wp-content\/uploads\/2024\/04\/quadrilogo-768x205.jpg 768w, http:\/\/ceinturealimentairenamuroise.be\/wp-content\/uploads\/2024\/04\/quadrilogo-1536x410.jpg 1536w, http:\/\/ceinturealimentairenamuroise.be\/wp-content\/uploads\/2024\/04\/quadrilogo-2048x546.jpg 2048w\" sizes=\"(max-width: 300px) 100vw, 300px\" \/>\t\t\t\t\t\t\t\t\t\t\t\t\t\t\t<\/div>\n\t\t\t\t<\/div>\n\t\t\t\t\t<\/div>\n\t\t<\/div>\n\t\t\t\t\t<\/div>\n\t\t<\/section>\n\t\t\t\t<section class=\"elementor-section elementor-top-section elementor-element elementor-element-788620b elementor-section-boxed elementor-section-height-default elementor-section-height-default\" data-id=\"788620b\" data-element_type=\"section\" data-e-type=\"section\">\n\t\t\t\t\t\t<div class=\"elementor-container elementor-column-gap-default\">\n\t\t\t\t\t<div class=\"elementor-column elementor-col-100 elementor-top-column elementor-element elementor-element-df917ad\" data-id=\"df917ad\" data-element_type=\"column\" data-e-type=\"column\">\n\t\t\t<div class=\"elementor-widget-wrap\">\n\t\t\t\t\t\t\t<\/div>\n\t\t<\/div>\n\t\t\t\t\t<\/div>\n\t\t<\/section>\n\t\t\t\t<\/div>\n\t\t","protected":false},"excerpt":{"rendered":"<p>Bienvenue sur le blog\/site de la CAN, Ceinture alimentaire namuroise. Un projet de r\u00e9silience territoriale visant \u00e0 construire de fa\u00e7on citoyenne et associative, une zone alimentaire autonome et r\u00e9siliente autour de Namur. Ce projet se construit en \u00e9troite collaboration avec Ccr\u00e9alim, le collectif des diff\u00e9rents R\u00e9seaux territoriaux et Ceintures alimentaires de Wallonie, principalement autour des m\u00e9tropoles de Tournai, Charleroi, Huy, [&hellip;]<\/p>\n","protected":false},"author":1,"featured_media":0,"parent":0,"menu_order":0,"comment_status":"closed","ping_status":"closed","template":"","meta":{"footnotes":""},"class_list":["post-32","page","type-page","status-publish","hentry"],"_links":{"self":[{"href":"http:\/\/ceinturealimentairenamuroise.be\/index.php?rest_route=\/wp\/v2\/pages\/32","targetHints":{"allow":["GET"]}}],"collection":[{"href":"http:\/\/ceinturealimentairenamuroise.be\/index.php?rest_route=\/wp\/v2\/pages"}],"about":[{"href":"http:\/\/ceinturealimentairenamuroise.be\/index.php?rest_route=\/wp\/v2\/types\/page"}],"author":[{"embeddable":true,"href":"http:\/\/ceinturealimentairenamuroise.be\/index.php?rest_route=\/wp\/v2\/users\/1"}],"replies":[{"embeddable":true,"href":"http:\/\/ceinturealimentairenamuroise.be\/index.php?rest_route=%2Fwp%2Fv2%2Fcomments&post=32"}],"version-history":[{"count":38,"href":"http:\/\/ceinturealimentairenamuroise.be\/index.php?rest_route=\/wp\/v2\/pages\/32\/revisions"}],"predecessor-version":[{"id":1372,"href":"http:\/\/ceinturealimentairenamuroise.be\/index.php?rest_route=\/wp\/v2\/pages\/32\/revisions\/1372"}],"wp:attachment":[{"href":"http:\/\/ceinturealimentairenamuroise.be\/index.php?rest_route=%2Fwp%2Fv2%2Fmedia&parent=32"}],"curies":[{"name":"wp","href":"https:\/\/api.w.org\/{rel}","templated":true}]}}