{"id":29,"date":"2023-02-27T09:42:42","date_gmt":"2023-02-27T08:42:42","guid":{"rendered":"http:\/\/ceinturealimentairenamuroise.be\/?page_id=29"},"modified":"2024-03-12T16:15:15","modified_gmt":"2024-03-12T15:15:15","slug":"conseil-agroalimentaire-durable-namurois","status":"publish","type":"page","link":"http:\/\/ceinturealimentairenamuroise.be\/?page_id=29","title":{"rendered":"Conseil Agroalimentaire Durable Namurois"},"content":{"rendered":"\t\t<div data-elementor-type=\"wp-page\" data-elementor-id=\"29\" class=\"elementor elementor-29\">\n\t\t\t\t\t\t<section class=\"elementor-section elementor-top-section elementor-element elementor-element-600a7535 elementor-section-boxed elementor-section-height-default elementor-section-height-default\" data-id=\"600a7535\" data-element_type=\"section\" data-e-type=\"section\">\n\t\t\t\t\t\t<div class=\"elementor-container elementor-column-gap-default\">\n\t\t\t\t\t<div class=\"elementor-column elementor-col-100 elementor-top-column elementor-element elementor-element-42989bcd\" data-id=\"42989bcd\" data-element_type=\"column\" data-e-type=\"column\">\n\t\t\t<div class=\"elementor-widget-wrap elementor-element-populated\">\n\t\t\t\t\t\t<div class=\"elementor-element elementor-element-60df2c6a elementor-widget elementor-widget-text-editor\" data-id=\"60df2c6a\" data-element_type=\"widget\" data-e-type=\"widget\" data-widget_type=\"text-editor.default\">\n\t\t\t\t<div class=\"elementor-widget-container\">\n\t\t\t\t\t\t\t\t\t<p><\/p>\n<p><\/p>\n<p><\/p>\n<p><\/p>\n<figure><img decoding=\"async\" src=\"http:\/\/ceinturealimentairenamuroise.be\/wp-content\/uploads\/2024\/02\/e3c88c07-f569-4cc1-b2b9-a16fee0397b7.jpeg\" alt=\"\"><\/figure>\n<p><\/p>\n<p><\/p>\n<p><strong><em>Pour l\u2019accompagner dans la d\u00e9finition et la mise en \u0153uvre d\u2019une politique agroalimentaire plus durable du point de vue environnemental et plus juste du point de vue social, la Ville de Namur a mis en place son Conseil agroalimentaire durable (CADNamurois). Cette assembl\u00e9e se veut un espace de dialogue, de r\u00e9flexion, de proposition pour tout ce qui concerne l\u2019alimentation et l\u2019agriculture. Il rassemble des acteurs\u2013cl\u00e9s de ce secteur et il peut \u00e9galement accueillir des citoyennes et citoyens int\u00e9ress\u00e9s par la th\u00e9matique via des groupes de travail qui seront mis en place.<\/em><\/strong><\/p>\n<p><\/p>\n<p><\/p>\n<p>Mise \u00e0 jour le 11.07.2023 plus bas<\/p>\n<p><\/p>\n<p><\/p>\n<p>Le Conseil agroalimentaire est compos\u00e9 de 16 actrices et acteurs concern\u00e9s par l&rsquo;agriculture et l&rsquo;alimentation, \u00e0 savoir, des repr\u00e9sentantes et repr\u00e9sentants de diff\u00e9rents secteurs, qui sont les suivants :<\/p>\n<p><\/p>\n<p><\/p>\n<ul class=\"wp-block-list\">\n<li style=\"list-style-type: none;\">\n<ul><\/ul>\n<\/li>\n<\/ul>\n<ul>\n<li style=\"list-style-type: none;\">\n<ul>\n<li>du secteur de la production : \u2022 Maxime Janssens, Agriculteur \u2022 Pierre-Fran\u00e7ois Bertieaux, Mara\u00eecher &#8211; Les Jardins d\u2019\u00e0 c\u00f4t\u00e9<\/li>\n<\/ul>\n<\/li>\n<\/ul>\n<p><\/p>\n<p><\/p>\n<ul>\n<li style=\"list-style-type: none;\">\n<ul>\n<li>du secteur de la transformation : \u2022 Ann Nachtergaele, Fevia (F\u00e9d\u00e9ration de l\u2019industrie alimentaire belge) \u2022 Ludovic Vanakere (Atelier de Bossim\u00e9)<\/li>\n<\/ul>\n<\/li>\n<\/ul>\n<p><\/p>\n<p><\/p>\n<ul>\n<li style=\"list-style-type: none;\">\n<ul>\n<li>du secteur de la distribution : \u2022 Frank Mestdagh, Magasins d\u2019Ici \u2022 Bertrand Delvaux, Paysans Artisans<\/li>\n<\/ul>\n<\/li>\n<\/ul>\n<p><\/p>\n<p><\/p>\n<ul>\n<li style=\"list-style-type: none;\">\n<ul>\n<li>du secteur de la recherche : \u2022 Nicolas Dendoncker, UNamur \u2022 Nicolas Loodts, Doctorant UCLouvain<\/li>\n<\/ul>\n<\/li>\n<\/ul>\n<p><\/p>\n<p><\/p>\n<ul>\n<li style=\"list-style-type: none;\">\n<ul>\n<li>du secteur associatif impliqu\u00e9 dans les th\u00e9matiques de sant\u00e9 et pr\u00e9carit\u00e9 : \u2022 Jean-Claude Mantez, Asbl Vivres \u2022<\/li>\n<\/ul>\n<\/li>\n<\/ul>\n<p><\/p>\n<p><\/p>\n<ul>\n<li style=\"list-style-type: none;\">\n<ul>\n<li>Femmes Pr\u00e9voyantes Socialistes (FPS)<\/li>\n<\/ul>\n<\/li>\n<\/ul>\n<p><\/p>\n<p><\/p>\n<ul>\n<li style=\"list-style-type: none;\">\n<ul>\n<li>du secteur de l&rsquo;\u00e9ducation\/formation : \u2022 Samuel Demont, Empreintes ASBL \u2022 M\u00e9lanie Favereaux, FJA (F\u00e9d\u00e9ration des Jeunes Agriculteurs)<\/li>\n<\/ul>\n<\/li>\n<\/ul>\n<p><\/p>\n<p><\/p>\n<ul>\n<li style=\"list-style-type: none;\">\n<ul>\n<li>des pouvoirs publics : \u2022 Nanou Carels, Province de Namur \u2022 Marc Dehareng, BEP<\/li>\n<\/ul>\n<\/li>\n<\/ul>\n<p><\/p>\n<p><\/p>\n<ul>\n<li style=\"list-style-type: none;\">\n<ul>\n<li>ainsi que des citoyennes et citoyens, en tant que consommatrices et consommateurs : \u2022 Agricovert (coop\u00e9rative de producteurs et de consommateurs) \u2022 Benjamin Dessy, Citoyen namurois<\/li>\n<\/ul>\n<\/li>\n<\/ul>\n<p><\/p>\n<p><\/p>\n<p><\/p>\n<p>Tous les renseignements compl\u00e9mentaires sur le <a href=\"https:\/\/www.namur.be\/fr\/ma-ville\/changements-climatiques\/climat-energie-et-alimentation-durable\/alimentation-durable\/cadnamurois\" target=\"_blank\" rel=\"noreferrer noopener\">site internet de la Ville de Namur<\/a><\/p>\n<p><\/p>\n<p><\/p>\n<p><\/p>\n<p><\/p>\n<p><strong>Mise \u00e0 jour 11 juillet 2023<\/strong><\/p>\n<p><\/p>\n<p><\/p>\n<p>Apr\u00e8s 2 ann\u00e9es de fonctionnement, le CADNamurois a pr\u00e9sent\u00e9 sont bilan, positif. De ce fait, la d\u00e9cision a \u00e9t\u00e9 prise d&rsquo;\u00e9largir le nombre des repr\u00e9sentants des divers secteurs f\u00e9d\u00e9r\u00e9s. De 16, le Conseil passe \u00e0 24. A l&rsquo;occasion de cet \u00e9largissement, la CAN int\u00e8gre cette fois les d\u00e9bats au titre de membres, et non plus d&rsquo;animateur. C&rsquo;est pour repr\u00e9senter les \u00ab\u00a0mangeur\u00b7ses\u00a0\u00bb&nbsp; (le secetur associatif) qu&rsquo;elle sera partie prenante des travaux.<\/p>\n<p>Les nouveaux membres sont les suivants : <\/p>\n<p>P<b>our le secteur de l&rsquo;\u00e9ducation et de la formation : <\/b><br>&#8211; M\u00e9lanie Favereaux (FJA)<br>&#8211; Samuel Demont (R\u00e9srau Empreinte)<br>&#8211; sandrine Everard (Mirena)<\/p>\n<p>P<b>our le secteur associatif :<\/b><br>&#8211; Damien Cao (Ceinture Alimentaire Namuroise)<br>&#8211; Jean Claude Mantez (Banques alimentaires de Namur-Luxembourg)<br>&#8211; Camille englebert (FdSS)<\/p>\n<p>P<b>our le secteur&nbsp; de la recherche :<\/b><br>&#8211; Nicolas Dendonker (Unamur)<br>&#8211; Emilie Pecheur (Ecologiste \u00e9cologue)<br>&#8211; S\u00e9bastien Gillotin (Sciences politiques)<\/p>\n<p><b>Pour le secteur Pouvoirs publics :<br>&#8211; <\/b>Marc de Hareng (BEP)<br>&#8211; Sylvie Tonglet (CPAS)<br>&#8211; Marie Pauwels (IFPME)<br>&#8211; Nanou Carels (Province de Namur)<\/p>\n<p>P<b>our le secteur de la Production :<\/b><br>&#8211; Maxime Janssens (Agriculture familiale)<br>&#8211; Pierre Bertiaux (Jadac)<br>&#8211; Simon Chav\u00e9e (House of agroecology)<\/p>\n<p>P<b>our le secteur de la Transformation :<\/b><br>&#8211; Pierre Piron (FWA)<br>&#8211; Marianne Syndic (Agrotech-Diversiferm)<br>&#8211; Esther Pitance (La cuisine des champs)<br>&#8211; Ludovic Vanackere (Atelier de Bossim\u00e9)<\/p>\n<p>P<b>our le secteur de la distribution :<\/b><br>&#8211; Bertrand Delvaux (Paysans-Artisans)<br>&#8211; Sylvie Droulans (Consomm&rsquo;action)<br>&#8211; Gaelle Van Inghelgem (Cellule Manger Demain)<\/p>\n<p>P<b>our repr\u00e9senter les citoyen\u00b7nes consommateurs :<\/b><br>&#8211; St\u00e9phanie Gigot<br>&#8211; Gabriella Nowostanska<br>&#8211; Benjamin Dessy<br><\/p>\n<p><br><\/p>\n<p><\/p>\n<div><b>Source :<\/b> https:\/\/www.namur.be\/fr\/ma-ville\/changements-climatiques\/climat-energie-et-alimentation-durable\/alimentation-durable\/cadnamurois\/trombinoscope.pdf <\/div>\n<p><\/p>\t\t\t\t\t\t\t\t<\/div>\n\t\t\t\t<\/div>\n\t\t\t\t\t<\/div>\n\t\t<\/div>\n\t\t\t\t\t<\/div>\n\t\t<\/section>\n\t\t\t\t<\/div>\n\t\t","protected":false},"excerpt":{"rendered":"<p>Pour l\u2019accompagner dans la d\u00e9finition et la mise en \u0153uvre d\u2019une politique agroalimentaire plus durable du point de vue environnemental et plus juste du point de vue social, la Ville de Namur a mis en place son Conseil agroalimentaire durable (CADNamurois). Cette assembl\u00e9e se veut un espace de dialogue, de r\u00e9flexion, de proposition pour tout ce qui concerne l\u2019alimentation et [&hellip;]<\/p>\n","protected":false},"author":1,"featured_media":245,"parent":0,"menu_order":0,"comment_status":"closed","ping_status":"closed","template":"","meta":{"footnotes":""},"class_list":["post-29","page","type-page","status-publish","has-post-thumbnail","hentry"],"_links":{"self":[{"href":"http:\/\/ceinturealimentairenamuroise.be\/index.php?rest_route=\/wp\/v2\/pages\/29","targetHints":{"allow":["GET"]}}],"collection":[{"href":"http:\/\/ceinturealimentairenamuroise.be\/index.php?rest_route=\/wp\/v2\/pages"}],"about":[{"href":"http:\/\/ceinturealimentairenamuroise.be\/index.php?rest_route=\/wp\/v2\/types\/page"}],"author":[{"embeddable":true,"href":"http:\/\/ceinturealimentairenamuroise.be\/index.php?rest_route=\/wp\/v2\/users\/1"}],"replies":[{"embeddable":true,"href":"http:\/\/ceinturealimentairenamuroise.be\/index.php?rest_route=%2Fwp%2Fv2%2Fcomments&post=29"}],"version-history":[{"count":9,"href":"http:\/\/ceinturealimentairenamuroise.be\/index.php?rest_route=\/wp\/v2\/pages\/29\/revisions"}],"predecessor-version":[{"id":988,"href":"http:\/\/ceinturealimentairenamuroise.be\/index.php?rest_route=\/wp\/v2\/pages\/29\/revisions\/988"}],"wp:featuredmedia":[{"embeddable":true,"href":"http:\/\/ceinturealimentairenamuroise.be\/index.php?rest_route=\/wp\/v2\/media\/245"}],"wp:attachment":[{"href":"http:\/\/ceinturealimentairenamuroise.be\/index.php?rest_route=%2Fwp%2Fv2%2Fmedia&parent=29"}],"curies":[{"name":"wp","href":"https:\/\/api.w.org\/{rel}","templated":true}]}}