{"id":2173,"date":"2026-02-25T15:59:26","date_gmt":"2026-02-25T14:59:26","guid":{"rendered":"http:\/\/ceinturealimentairenamuroise.be\/?page_id=2173"},"modified":"2026-02-25T16:12:59","modified_gmt":"2026-02-25T15:12:59","slug":"calinam-un-projet-namurois-de-ssa","status":"publish","type":"page","link":"http:\/\/ceinturealimentairenamuroise.be\/?page_id=2173","title":{"rendered":"CAliNam, un projet namurois de SSA"},"content":{"rendered":"\t\t<div data-elementor-type=\"wp-page\" data-elementor-id=\"2173\" class=\"elementor elementor-2173\">\n\t\t\t\t\t\t<section class=\"elementor-section elementor-top-section elementor-element elementor-element-7914ad89 elementor-section-boxed elementor-section-height-default elementor-section-height-default\" data-id=\"7914ad89\" data-element_type=\"section\" data-e-type=\"section\">\n\t\t\t\t\t\t<div class=\"elementor-container elementor-column-gap-default\">\n\t\t\t\t\t<div class=\"elementor-column elementor-col-100 elementor-top-column elementor-element elementor-element-7f59f83b\" data-id=\"7f59f83b\" data-element_type=\"column\" data-e-type=\"column\">\n\t\t\t<div class=\"elementor-widget-wrap elementor-element-populated\">\n\t\t\t\t\t\t<div class=\"elementor-element elementor-element-17fc6441 elementor-widget elementor-widget-text-editor\" data-id=\"17fc6441\" data-element_type=\"widget\" data-e-type=\"widget\" data-widget_type=\"text-editor.default\">\n\t\t\t\t<div class=\"elementor-widget-container\">\n\t\t\t\t\t\t\t\t\t<p><em>Bas\u00e9 sur le concept de la\u00a0<strong>S\u00e9curit\u00e9 Sociale de l\u2019Alimentation\u00a0<\/strong>(SSA), ce projet a pour but d\u2019instaurer une\u00a0<strong>caisse alimentaire commune<\/strong>\u00a0\u00e0 Namur en s\u2019inspirant d\u2019un projet similaire d\u00e9j\u00e0 en cours, le projet de la CLASS \u00e0 Schaerbeek qui rassemble d\u00e9j\u00e0 plus de 100 adh\u00e9rent\u00b7e\u00b7s.<\/em><\/p>\n<p><!-- \/wp:paragraph --><!-- wp:paragraph --><\/p>\n<p><em>Concr\u00e8tement,\u00a0<strong>chaque citoyen\u00b7ne contribue \u00e0 la caisse commune \u00e0 hauteur de ses moyens, tout le monde re\u00e7oit le m\u00eame montant et s\u2019engage \u00e0 aller le d\u00e9penser dans des commerces que nous aurons choisis ensemble<\/strong>. Le projet est donc une exp\u00e9rience de\u00a0<strong>d\u00e9mocratie alimentaire<\/strong>\u00a0qui repr\u00e9sente une opportunit\u00e9 de\u00a0<strong>(re)cr\u00e9er des lieux de rencontre, d\u2019\u00e9changes et de d\u00e9bats entre personnes issues de diff\u00e9rents milieux au<\/strong><\/em><strong>tour d\u2019un\u00a0enjeu majeur\u00a0:\u00a0l\u2019accessibilit\u00e9 pour tous\u00b7tes \u00e0 une alimentation engag\u00e9e.<\/strong><\/p>\n<p><!-- \/wp:paragraph --><!-- wp:image {\"id\":2174,\"sizeSlug\":\"full\",\"linkDestination\":\"none\"} --><\/p>\n<p><!-- \/wp:image --><!-- wp:paragraph --><\/p>\n<p>[\ud835\ude00\ud835\uddf2\u0301\ud835\uddee\ud835\uddfb\ud835\uddf0\ud835\uddf2\ud835\ude00 \ud835\uddf1&rsquo;\ud835\uddf6\ud835\uddfb\ud835\uddf3\ud835\uddfc]<\/p>\n<p><!-- \/wp:paragraph --><!-- wp:paragraph --><\/p>\n<p>Et si on lan\u00e7ait une caisse alimentaire commune \u00e0 Namur ? <img decoding=\"async\" src=\"https:\/\/static.xx.fbcdn.net\/images\/emoji.php\/v9\/tf7\/2\/16\/1f929.png\" alt=\"\ud83e\udd29\" width=\"16\" height=\"16\" \/><\/p>\n<p><!-- \/wp:paragraph --><!-- wp:paragraph --><\/p>\n<p>La caisse est un projet citoyen: c&rsquo;est un comit\u00e9 citoyen qui prend les d\u00e9cisions:<\/p>\n<p><!-- \/wp:paragraph --><!-- wp:paragraph --><\/p>\n<p>&#8211; combien cotisons-nous dans la caisse ?<\/p>\n<p><!-- \/wp:paragraph --><!-- wp:paragraph --><\/p>\n<p>&#8211; quels producteurs voulons-nous soutenir ?<\/p>\n<p><!-- \/wp:paragraph --><!-- wp:paragraph --><\/p>\n<p>&#8211; quels sont nos crit\u00e8res de choix quand nous faisons nos courses ?<\/p>\n<p><!-- \/wp:paragraph --><!-- wp:paragraph --><\/p>\n<p>Le Comit\u00e9 Citoyen d\u00e9marre ses rencontres et d\u00e9bats en avril, rejoignez-nous aux s\u00e9ances d&rsquo;info pour qu&rsquo;on en discute ensemble !<\/p>\n<ul>\n<li>en ligne, le 3 mars : 18h&gt;19h<\/li>\n<li>\u00e0 Jambes, le 5 mars &#8211; Maison de quartier de Basse-Enhaive, 8, rue Albert Michiels : 18h&gt;19h<\/li>\n<li>\u00e0 Salzinnes, le 5 mars \u2013 Espace Kegeljan, 47, rue Henri Lecocq : 20h&gt;21h<\/li>\n<li>\u00e0 Saint-Servais, le lundi 9 mars &#8211; au 114, rue L\u00e9opold de Hulster \u00e0 Saint Servais : 20h&gt;21h<\/li>\n<li>\u00e0 Namur, le mardi 17 mars \u2013 chez Citoyennet\u00e9 et Participation, 8, rue du Lombard : 12h30&gt;13h30<\/li>\n<li>\u00e0 Malonne, le mardi 17 mars \u2013 \u00e0 La Campavinne, 125, rue de la Navinne : 19h30&gt;20h30<\/li>\n<li>\u00e0 Namur Centre-ville, le jeudi 26 mars \u2013 Centre l\u2019Ilon : 18h&gt;19h<\/li>\n<li>en ligne, le 9 avril\u00a0: 20h30&gt;21h30<\/li>\n<\/ul>\n<p>\ud835\udde2\ud835\uddfb \ud835\ude00&rsquo;\ud835\ude06 \ud835\ude03\ud835\uddfc\ud835\uddf6\ud835\ude01 ? <img decoding=\"async\" src=\"https:\/\/static.xx.fbcdn.net\/images\/emoji.php\/v9\/tf7\/2\/16\/1f929.png\" alt=\"\ud83e\udd29\" width=\"16\" height=\"16\" \/>Pour en savoir plus sur le concept de S\u00e9curit\u00e9 Sociale de l&rsquo;Alimentation, parcourez le site du <a href=\"https:\/\/www.collectif-ssa.be\/\">Collectif CREASSA<\/a><\/p>\n<p><!-- \/wp:paragraph --><\/p>\t\t\t\t\t\t\t\t<\/div>\n\t\t\t\t<\/div>\n\t\t\t\t\t<\/div>\n\t\t<\/div>\n\t\t\t\t\t<\/div>\n\t\t<\/section>\n\t\t\t\t<\/div>\n\t\t","protected":false},"excerpt":{"rendered":"<p>Bas\u00e9 sur le concept de la\u00a0S\u00e9curit\u00e9 Sociale de l\u2019Alimentation\u00a0(SSA), ce projet a pour but d\u2019instaurer une\u00a0caisse alimentaire commune\u00a0\u00e0 Namur en s\u2019inspirant d\u2019un projet similaire d\u00e9j\u00e0 en cours, le projet de la CLASS \u00e0 Schaerbeek qui rassemble d\u00e9j\u00e0 plus de 100 adh\u00e9rent\u00b7e\u00b7s. Concr\u00e8tement,\u00a0chaque citoyen\u00b7ne contribue \u00e0 la caisse commune \u00e0 hauteur de ses moyens, tout le monde re\u00e7oit le m\u00eame montant [&hellip;]<\/p>\n","protected":false},"author":1,"featured_media":2175,"parent":0,"menu_order":0,"comment_status":"closed","ping_status":"closed","template":"","meta":{"footnotes":""},"class_list":["post-2173","page","type-page","status-publish","has-post-thumbnail","hentry"],"_links":{"self":[{"href":"http:\/\/ceinturealimentairenamuroise.be\/index.php?rest_route=\/wp\/v2\/pages\/2173","targetHints":{"allow":["GET"]}}],"collection":[{"href":"http:\/\/ceinturealimentairenamuroise.be\/index.php?rest_route=\/wp\/v2\/pages"}],"about":[{"href":"http:\/\/ceinturealimentairenamuroise.be\/index.php?rest_route=\/wp\/v2\/types\/page"}],"author":[{"embeddable":true,"href":"http:\/\/ceinturealimentairenamuroise.be\/index.php?rest_route=\/wp\/v2\/users\/1"}],"replies":[{"embeddable":true,"href":"http:\/\/ceinturealimentairenamuroise.be\/index.php?rest_route=%2Fwp%2Fv2%2Fcomments&post=2173"}],"version-history":[{"count":6,"href":"http:\/\/ceinturealimentairenamuroise.be\/index.php?rest_route=\/wp\/v2\/pages\/2173\/revisions"}],"predecessor-version":[{"id":2182,"href":"http:\/\/ceinturealimentairenamuroise.be\/index.php?rest_route=\/wp\/v2\/pages\/2173\/revisions\/2182"}],"wp:featuredmedia":[{"embeddable":true,"href":"http:\/\/ceinturealimentairenamuroise.be\/index.php?rest_route=\/wp\/v2\/media\/2175"}],"wp:attachment":[{"href":"http:\/\/ceinturealimentairenamuroise.be\/index.php?rest_route=%2Fwp%2Fv2%2Fmedia&parent=2173"}],"curies":[{"name":"wp","href":"https:\/\/api.w.org\/{rel}","templated":true}]}}