{"id":20,"date":"2023-02-27T09:29:32","date_gmt":"2023-02-27T08:29:32","guid":{"rendered":"http:\/\/ceinturealimentairenamuroise.be\/?page_id=20"},"modified":"2025-08-01T11:03:08","modified_gmt":"2025-08-01T09:03:08","slug":"le-territoire","status":"publish","type":"page","link":"http:\/\/ceinturealimentairenamuroise.be\/?page_id=20","title":{"rendered":"Le territoire"},"content":{"rendered":"\t\t<div data-elementor-type=\"wp-page\" data-elementor-id=\"20\" class=\"elementor elementor-20\">\n\t\t\t\t\t\t<section class=\"elementor-section elementor-top-section elementor-element elementor-element-1381301b elementor-section-boxed elementor-section-height-default elementor-section-height-default\" data-id=\"1381301b\" data-element_type=\"section\" data-e-type=\"section\">\n\t\t\t\t\t\t<div class=\"elementor-container elementor-column-gap-default\">\n\t\t\t\t\t<div class=\"elementor-column elementor-col-100 elementor-top-column elementor-element elementor-element-39a2ed85\" data-id=\"39a2ed85\" data-element_type=\"column\" data-e-type=\"column\">\n\t\t\t<div class=\"elementor-widget-wrap elementor-element-populated\">\n\t\t\t\t\t\t<div class=\"elementor-element elementor-element-560f4b11 elementor-widget elementor-widget-text-editor\" data-id=\"560f4b11\" data-element_type=\"widget\" data-e-type=\"widget\" data-widget_type=\"text-editor.default\">\n\t\t\t\t<div class=\"elementor-widget-container\">\n\t\t\t\t\t\t\t\t\t<p><div class=\"wp-block-image\"><\/p>\n<figure class=\"aligncenter\"><a href=\"https:\/\/storage.canalblog.com\/09\/66\/1665034\/130171318_o.gif\" target=\"_blank\" rel=\"noreferrer noopener\"><img decoding=\"async\" src=\"https:\/\/storage.canalblog.com\/09\/66\/1665034\/130171318.to_resize_150x3000.gif\" alt=\"namur_plus\" \/><\/a><\/figure>\n<p><\/div><\/p>\n<p><\/p>\n<p class=\"has-text-align-center\">La province de Namur<\/p>\n<p><\/p>\n<p><div class=\"wp-block-image\"><\/p>\n<figure class=\"aligncenter\"><a href=\"https:\/\/storage.canalblog.com\/90\/53\/1665034\/130171319_o.jpg\" target=\"_blank\" rel=\"noreferrer noopener\"><img decoding=\"async\" src=\"https:\/\/storage.canalblog.com\/90\/53\/1665034\/130171319.to_resize_150x3000.jpg\" alt=\"ceinturenamuroise_arr_namur\" \/><\/a><\/figure>\n<p><\/div><\/p>\n<p><\/p>\n<p class=\"has-text-align-center\">Le territoire de la Ceinture alimentaire : 16 communes<br \/>Il n&rsquo;y a pas de sens \u00e0 construire une autonomie locale sans travailler de concert avec ses partenaires locaux.<\/p>\n<p><\/p>\n<p><\/p>\n<p><\/p>\n<p><\/p>\n<div>\u00a0<\/div>\t\t\t\t\t\t\t\t<\/div>\n\t\t\t\t<\/div>\n\t\t\t\t\t<\/div>\n\t\t<\/div>\n\t\t\t\t\t<\/div>\n\t\t<\/section>\n\t\t\t\t<section class=\"elementor-section elementor-top-section elementor-element elementor-element-d41bdd7 elementor-section-boxed elementor-section-height-default elementor-section-height-default\" data-id=\"d41bdd7\" data-element_type=\"section\" data-e-type=\"section\">\n\t\t\t\t\t\t<div class=\"elementor-container elementor-column-gap-default\">\n\t\t\t\t\t<div class=\"elementor-column elementor-col-100 elementor-top-column elementor-element elementor-element-067b1e4\" data-id=\"067b1e4\" data-element_type=\"column\" data-e-type=\"column\">\n\t\t\t<div class=\"elementor-widget-wrap elementor-element-populated\">\n\t\t\t\t\t\t<div class=\"elementor-element elementor-element-4f0187e elementor-position-top elementor-widget elementor-widget-image-box\" data-id=\"4f0187e\" data-element_type=\"widget\" data-e-type=\"widget\" data-widget_type=\"image-box.default\">\n\t\t\t\t<div class=\"elementor-widget-container\">\n\t\t\t\t\t<div class=\"elementor-image-box-wrapper\"><figure class=\"elementor-image-box-img\"><img fetchpriority=\"high\" decoding=\"async\" width=\"1034\" height=\"396\" src=\"http:\/\/ceinturealimentairenamuroise.be\/wp-content\/uploads\/2024\/02\/Capture-decran-2024-02-02-a-16.53.40.png\" class=\"attachment-full size-full wp-image-718\" alt=\"\" srcset=\"http:\/\/ceinturealimentairenamuroise.be\/wp-content\/uploads\/2024\/02\/Capture-decran-2024-02-02-a-16.53.40.png 1034w, http:\/\/ceinturealimentairenamuroise.be\/wp-content\/uploads\/2024\/02\/Capture-decran-2024-02-02-a-16.53.40-300x115.png 300w, http:\/\/ceinturealimentairenamuroise.be\/wp-content\/uploads\/2024\/02\/Capture-decran-2024-02-02-a-16.53.40-1024x392.png 1024w, http:\/\/ceinturealimentairenamuroise.be\/wp-content\/uploads\/2024\/02\/Capture-decran-2024-02-02-a-16.53.40-768x294.png 768w\" sizes=\"(max-width: 1034px) 100vw, 1034px\" \/><\/figure><div class=\"elementor-image-box-content\"><p class=\"elementor-image-box-description\"><p>2 GAL et un Parc Naturel - 5 Coop\u00e9ratives, le R\u00e9seau alimentaire dinantais solidaire (Radis) et Nature et Progr\u00e8s<br>sont pr\u00e9sents sur notre terroir ou sont nos voisins imm\u00e9diats.<\/p><p><\/p><p><\/p><p><\/p><p><\/p><p><\/p><p>Pour plus d'informations \u00e0 leur sujet :<\/p><p><\/p><p><\/p><p>- <strong>GAL Entre Sambre et Meuse<\/strong> : <a href=\"http:\/\/www.entre-sambre-et-meuse.be\/\" target=\"_blank\" rel=\"noreferrer noopener\">http:\/\/www.entre-sambre-et-meuse.be\/<\/a><\/p><p><\/p><p><\/p><p><\/p><p><\/p><p>- <strong>GAL Meuse@Campagne<\/strong> : <a href=\"https:\/\/www.meusecampagnes.be\/\" target=\"_blank\" rel=\"noreferrer noopener\">https:\/\/www.meusecampagnes.be\/<\/a><\/p><p><\/p><p><\/p><p>- <strong>Parc Naturel Coeur de Condroz<\/strong> : <a href=\"https:\/\/coeurdecondroz.be\/\/\" target=\"_blank\" rel=\"noreferrer noopener\">https:\/\/coeurdecondroz.be\/\/<\/a><\/p><p><\/p><p><\/p><p>- <strong>Paysans-Artisans<\/strong> : <a href=\"https:\/\/paysans-artisans.be\/\" target=\"_blank\" rel=\"noreferrer noopener\">https:\/\/paysans-artisans.be\/<\/a><\/p><p><\/p><p><\/p><p>- <strong>Cocoricoop<\/strong> : <a href=\"http:\/\/www.cocoricoop.be\" target=\"_blank\" rel=\"noreferrer noopener\">http:\/\/www.cocoricoop.be<\/a><\/p><p><\/p><p><\/p><p>- <strong>Agricovert : <\/strong><a href=\"https:\/\/www.agricovert.be\/\" target=\"_blank\" rel=\"noreferrer noopener\">https:\/\/www.agricovert.b<\/a><strong><a href=\"https:\/\/www.agricovert.be\/\" target=\"_blank\" rel=\"noreferrer noopener\">e\/<\/a><\/strong><\/p><p><\/p><p><\/p><p>- <strong>L<\/strong>a <strong>Coof<\/strong> : <a href=\"https:\/\/www.coof.be\/\">https:\/\/www.coof.be\/<br><\/a><\/p><p><\/p><p>- <strong>Coopesem : <a href=\"https:\/\/www.coof.be\/\">https:\/\/coopesem.b\/<br><\/a><\/p><p><\/p><p><\/p><p>- <strong>Le Radis<\/strong> : <a href=\"https:\/\/www.reseau-radis.be\/\" target=\"_blank\" rel=\"noreferrer noopener\">https:\/\/www.reseau-radis.be\/<\/a><\/p><p><\/p><p><\/p><p>- <strong>Nature et Progr\u00e8s<\/strong> : <a href=\"https:\/\/www.natpro.be\" target=\"_blank\" rel=\"noreferrer noopener\">https:\/\/www.natpro.be<br><\/a><\/p><\/div><\/div><\/div><\/div><\/div><\/div><\/section><\/div><\/div><\/div><\/article><\/div><\/div><\/div><\/div><\/section>\n\n\n\n\n\n\n\n\n\n\n\n\n\n\n\n\n\n\n\n\n\n\n\n\n\n\n\n\n\n\n\n\n\n\n<\/p><\/div><\/div>\t\t\t\t<\/div>\n\t\t\t\t<\/div>\n\t\t\t\t\t<\/div>\n\t\t<\/div>\n\t\t\t\t\t<\/div>\n\t\t<\/section>\n\t\t\t\t<\/div>\n\t\t","protected":false},"excerpt":{"rendered":"<p>La province de Namur Le territoire de la Ceinture alimentaire : 16 communesIl n&rsquo;y a pas de sens \u00e0 construire une autonomie locale sans travailler de concert avec ses partenaires locaux. \u00a0 2 GAL et un Parc Naturel &#8211; 5 Coop\u00e9ratives, le R\u00e9seau alimentaire dinantais solidaire (Radis) et Nature et Progr\u00e8ssont pr\u00e9sents sur notre terroir ou sont nos voisins imm\u00e9diats. [&hellip;]<\/p>\n","protected":false},"author":1,"featured_media":0,"parent":0,"menu_order":0,"comment_status":"closed","ping_status":"closed","template":"","meta":{"footnotes":""},"class_list":["post-20","page","type-page","status-publish","hentry"],"_links":{"self":[{"href":"http:\/\/ceinturealimentairenamuroise.be\/index.php?rest_route=\/wp\/v2\/pages\/20","targetHints":{"allow":["GET"]}}],"collection":[{"href":"http:\/\/ceinturealimentairenamuroise.be\/index.php?rest_route=\/wp\/v2\/pages"}],"about":[{"href":"http:\/\/ceinturealimentairenamuroise.be\/index.php?rest_route=\/wp\/v2\/types\/page"}],"author":[{"embeddable":true,"href":"http:\/\/ceinturealimentairenamuroise.be\/index.php?rest_route=\/wp\/v2\/users\/1"}],"replies":[{"embeddable":true,"href":"http:\/\/ceinturealimentairenamuroise.be\/index.php?rest_route=%2Fwp%2Fv2%2Fcomments&post=20"}],"version-history":[{"count":18,"href":"http:\/\/ceinturealimentairenamuroise.be\/index.php?rest_route=\/wp\/v2\/pages\/20\/revisions"}],"predecessor-version":[{"id":1920,"href":"http:\/\/ceinturealimentairenamuroise.be\/index.php?rest_route=\/wp\/v2\/pages\/20\/revisions\/1920"}],"wp:attachment":[{"href":"http:\/\/ceinturealimentairenamuroise.be\/index.php?rest_route=%2Fwp%2Fv2%2Fmedia&parent=20"}],"curies":[{"name":"wp","href":"https:\/\/api.w.org\/{rel}","templated":true}]}}