{"id":1454,"date":"2024-12-04T11:35:30","date_gmt":"2024-12-04T10:35:30","guid":{"rendered":"http:\/\/ceinturealimentairenamuroise.be\/?page_id=1454"},"modified":"2024-12-18T09:41:21","modified_gmt":"2024-12-18T08:41:21","slug":"alimentascope-de-md","status":"publish","type":"page","link":"http:\/\/ceinturealimentairenamuroise.be\/?page_id=1454","title":{"rendered":"Alimentascope de MD"},"content":{"rendered":"\t\t<div data-elementor-type=\"wp-page\" data-elementor-id=\"1454\" class=\"elementor elementor-1454\">\n\t\t\t\t\t\t<section class=\"elementor-section elementor-top-section elementor-element elementor-element-64e5203b elementor-section-boxed elementor-section-height-default elementor-section-height-default\" data-id=\"64e5203b\" data-element_type=\"section\" data-e-type=\"section\">\n\t\t\t\t\t\t<div class=\"elementor-container elementor-column-gap-default\">\n\t\t\t\t\t<div class=\"elementor-column elementor-col-100 elementor-top-column elementor-element elementor-element-3df6511b\" data-id=\"3df6511b\" data-element_type=\"column\" data-e-type=\"column\">\n\t\t\t<div class=\"elementor-widget-wrap elementor-element-populated\">\n\t\t\t\t\t\t<div class=\"elementor-element elementor-element-1b46fefd elementor-widget elementor-widget-text-editor\" data-id=\"1b46fefd\" data-element_type=\"widget\" data-e-type=\"widget\" data-widget_type=\"text-editor.default\">\n\t\t\t\t<div class=\"elementor-widget-container\">\n\t\t\t\t\t\t\t\t\t<p><strong>A propos<\/strong><\/p>\n<p><!-- \/wp:paragraph --><!-- wp:paragraph --><\/p>\n<p>L\u2019Alimentascope est une plateforme d\u00e9di\u00e9e aux communes pour faciliter l\u2019int\u00e9gration d\u2019actions en alimentation durable dans les plans communaux. Cet espace interactif a \u00e9t\u00e9 imagin\u00e9 et con\u00e7u par <a href=\"https:\/\/www.mangerdemain.be\/cpa-locaux\/\">le r\u00e9seau wallon des Conseils de Politique Alimentaire locaux<\/a>.<\/p>\n<p><!-- \/wp:paragraph --><!-- wp:image --><\/p>\n<figure class=\"wp-block-image\"><img alt=\"\" \/><\/figure>\n<p><!-- \/wp:image --><!-- wp:paragraph --><\/p>\n<p><a href=\"https:\/\/mangerdemain.notion.site\/alimentascope\">Voir la base de donn\u00e9es en ligne<\/a> <\/p>\n<p><!-- \/wp:paragraph --><!-- wp:paragraph --><\/p>\n<p><!-- \/wp:paragraph --><\/p>\t\t\t\t\t\t\t\t<\/div>\n\t\t\t\t<\/div>\n\t\t\t\t\t<\/div>\n\t\t<\/div>\n\t\t\t\t\t<\/div>\n\t\t<\/section>\n\t\t\t\t<\/div>\n\t\t","protected":false},"excerpt":{"rendered":"<p>A propos L\u2019Alimentascope est une plateforme d\u00e9di\u00e9e aux communes pour faciliter l\u2019int\u00e9gration d\u2019actions en alimentation durable dans les plans communaux. Cet espace interactif a \u00e9t\u00e9 imagin\u00e9 et con\u00e7u par le r\u00e9seau wallon des Conseils de Politique Alimentaire locaux. Voir la base de donn\u00e9es en ligne<\/p>\n","protected":false},"author":1,"featured_media":1455,"parent":0,"menu_order":0,"comment_status":"closed","ping_status":"closed","template":"","meta":{"footnotes":""},"class_list":["post-1454","page","type-page","status-publish","has-post-thumbnail","hentry"],"_links":{"self":[{"href":"http:\/\/ceinturealimentairenamuroise.be\/index.php?rest_route=\/wp\/v2\/pages\/1454","targetHints":{"allow":["GET"]}}],"collection":[{"href":"http:\/\/ceinturealimentairenamuroise.be\/index.php?rest_route=\/wp\/v2\/pages"}],"about":[{"href":"http:\/\/ceinturealimentairenamuroise.be\/index.php?rest_route=\/wp\/v2\/types\/page"}],"author":[{"embeddable":true,"href":"http:\/\/ceinturealimentairenamuroise.be\/index.php?rest_route=\/wp\/v2\/users\/1"}],"replies":[{"embeddable":true,"href":"http:\/\/ceinturealimentairenamuroise.be\/index.php?rest_route=%2Fwp%2Fv2%2Fcomments&post=1454"}],"version-history":[{"count":15,"href":"http:\/\/ceinturealimentairenamuroise.be\/index.php?rest_route=\/wp\/v2\/pages\/1454\/revisions"}],"predecessor-version":[{"id":1518,"href":"http:\/\/ceinturealimentairenamuroise.be\/index.php?rest_route=\/wp\/v2\/pages\/1454\/revisions\/1518"}],"wp:featuredmedia":[{"embeddable":true,"href":"http:\/\/ceinturealimentairenamuroise.be\/index.php?rest_route=\/wp\/v2\/media\/1455"}],"wp:attachment":[{"href":"http:\/\/ceinturealimentairenamuroise.be\/index.php?rest_route=%2Fwp%2Fv2%2Fmedia&parent=1454"}],"curies":[{"name":"wp","href":"https:\/\/api.w.org\/{rel}","templated":true}]}}