{"id":128,"date":"2023-02-27T12:00:43","date_gmt":"2023-02-27T11:00:43","guid":{"rendered":"http:\/\/ceinturealimentairenamuroise.be\/?page_id=128"},"modified":"2023-03-03T16:42:29","modified_gmt":"2023-03-03T15:42:29","slug":"mats-ta-ceinture","status":"publish","type":"page","link":"http:\/\/ceinturealimentairenamuroise.be\/?page_id=128","title":{"rendered":"Mets ta Ceinture"},"content":{"rendered":"\n<p>La CANamuroise a mis en place une animation intitul\u00e9e :<\/p>\n\n\n\n<div class=\"wp-block-media-text alignwide is-stacked-on-mobile\" style=\"grid-template-columns:33% auto\"><figure class=\"wp-block-media-text__media\"><img fetchpriority=\"high\" decoding=\"async\" width=\"567\" height=\"1024\" src=\"http:\/\/ceinturealimentairenamuroise.be\/wp-content\/uploads\/2023\/03\/Capture-decran-2023-03-03-a-16.37.07-567x1024.png\" alt=\"\" class=\"wp-image-307 size-full\" srcset=\"http:\/\/ceinturealimentairenamuroise.be\/wp-content\/uploads\/2023\/03\/Capture-decran-2023-03-03-a-16.37.07-567x1024.png 567w, http:\/\/ceinturealimentairenamuroise.be\/wp-content\/uploads\/2023\/03\/Capture-decran-2023-03-03-a-16.37.07-166x300.png 166w, http:\/\/ceinturealimentairenamuroise.be\/wp-content\/uploads\/2023\/03\/Capture-decran-2023-03-03-a-16.37.07.png 628w\" sizes=\"(max-width: 567px) 100vw, 567px\" \/><\/figure><div class=\"wp-block-media-text__content\">\n<p>\u00ab\u00a0<strong>Mets ta Ceinture, en route vers un r\u00e9seau alimentaire<br>r\u00e9silient et durable<\/strong>\u00ab\u00a0.<\/p>\n\n\n\n<p><a href=\"https:\/\/p5.storage.canalblog.com\/54\/71\/1665034\/129845267_o.jpg\" target=\"_blank\" rel=\"noreferrer noopener\"><\/a>Ce jeu de table dure entre 2 et 4h, selon les variantes et le nombre d&rsquo;\u00e9quipes engag\u00e9es. Les participants re\u00e7oivent un r\u00e9f\u00e9rent qui permet d&rsquo;identifier clairement ce que l&rsquo;on entend par Ceinture alimentaire ou R\u00e9seau alimentaire r\u00e9silient. Une s\u00e9rie de cartes sont ensuite distribu\u00e9es fortuitement. Cette part de hasard simule la vari\u00e9t\u00e9 des situations de terrain o\u00f9 l&rsquo;on peut \u00eatre d\u00e9sireux de construire une Ceinture alimentaire.<\/p>\n\n\n\n<p>Les cartes mentionnent des acteurs de terrain et diverses opportunit\u00e9s pouvant \u00eatre saisies ou non. Les joueurs sont invit\u00e9s \u00e0 exercer leur regard critique pour s\u00e9lectionner une partie de celles-ci et faire pot-commun de leurs choix au sein d&rsquo;une \u00e9quipe de 4 personnes.<\/p>\n<\/div><\/div>\n\n\n\n<p>Le but du jeu est de construire un r\u00e9cit (une chronologie) qui mette en sc\u00e8ne les acteurs s\u00e9lectionn\u00e9s au d\u00e9part d&rsquo;une situation d&rsquo;opportunit\u00e9 qui aura \u00e9t\u00e9 choisie par n\u00e9gociation entre les 4 joueurs de l&rsquo;\u00e9quipe. Selon le classique \u00ab\u00a0Sch\u00e9ma narratif\u00a0\u00bb, il s&rsquo;agit de raconter comment on passe de cette situation de d\u00e9part \u00e0 un \u00e9tat final (m\u00eame s&rsquo;il peut s&rsquo;av\u00e9rer provisoire), en \u00e9voquant les \u00e9tapes de la progression des acteurs.<\/p>\n\n\n\n<p>Comme dans toute aventure, il y a des acteurs qui soutiennent l&rsquo;avancement du projet et d&rsquo;autres qui s&rsquo;av\u00e8rent \u00eatre des opposants. Ainsi donc, deux cartes sont aussi distribu\u00e9es qui simulent pour l&rsquo;une, une guigne \u00e0 devoir assumer et, pour l&rsquo;autre, une chance qui se pr\u00e9sente sans qu&rsquo;on l&rsquo;ait sollicit\u00e9e. C&rsquo;est aussi \u00e7a les surprises (bonnes ou mauvaises) de la vie d&rsquo;un r\u00e9seau qui se construit.<\/p>\n\n\n\n<p>Les joueurs disposent enfin de deux cartes vierges&#8230; \u00e0 eux de saisir celles-ci comme une occasion de se montrer plus inventifs que les concepteurs du jeu, et de se garantir les pi\u00e8ces n\u00e9cessaires \u00e0 la formulation de leur projet.<\/p>\n\n\n\n<figure class=\"wp-block-image size-large\"><img decoding=\"async\" width=\"1024\" height=\"654\" src=\"http:\/\/ceinturealimentairenamuroise.be\/wp-content\/uploads\/2023\/03\/Capture-decran-2023-03-03-a-16.41.12-1024x654.png\" alt=\"\" class=\"wp-image-309\" srcset=\"http:\/\/ceinturealimentairenamuroise.be\/wp-content\/uploads\/2023\/03\/Capture-decran-2023-03-03-a-16.41.12-1024x654.png 1024w, http:\/\/ceinturealimentairenamuroise.be\/wp-content\/uploads\/2023\/03\/Capture-decran-2023-03-03-a-16.41.12-300x191.png 300w, http:\/\/ceinturealimentairenamuroise.be\/wp-content\/uploads\/2023\/03\/Capture-decran-2023-03-03-a-16.41.12-768x490.png 768w, http:\/\/ceinturealimentairenamuroise.be\/wp-content\/uploads\/2023\/03\/Capture-decran-2023-03-03-a-16.41.12.png 1360w\" sizes=\"(max-width: 1024px) 100vw, 1024px\" \/><\/figure>\n\n\n\n<p>L&rsquo;\u00e9tape finale du jeu consiste \u00e0 pr\u00e9senter son r\u00e9cit aux autres \u00e9quipes. La le\u00e7on est \u00e9vidente : au d\u00e9part des m\u00eames cartes de jeu, chacun fait des choix diff\u00e9rents, met en action une cr\u00e9ativit\u00e9 propre. L&rsquo;intelligence collective trouve \u00e9galement \u00e0 s&rsquo;exprimer en fonction de la composition des \u00e9quipes&#8230; Enfin, le meneur de jeu peut aussi faire \u00e9tat de divers t\u00e9moignages qu&rsquo;il a rassembl\u00e9s pour illustrer que des Ceintures et r\u00e9seaux existants ont d\u00e9j\u00e0 opt\u00e9 pour des choix. Il peut alors rapporter si cela s&rsquo;est av\u00e9r\u00e9 probant ou pas.<\/p>\n\n\n\n<p>Il n&rsquo;y a donc pas de \u00ab\u00a0bonne r\u00e9ponse\u00a0\u00bb \u00e0 trouver. Il y a des sch\u00e9mas de projets \u00e0 construire et le processus de construction s&rsquo;av\u00e8re souvent aussi important que le r\u00e9sultat auquel on aboutit.<\/p>\n\n\n\n<p>L&rsquo;autre intention du jeu est, bien s\u00fbr, d&rsquo;amener les joueurs \u00e0 se poser la question : \u00ab\u00a0Et moi, dans pareil sc\u00e9nario, quel r\u00f4le serai(s)-je pr\u00eat \u00e0 tenir ?\u00a0\u00bb<\/p>\n\n\n\n<p><strong>Vous souhaitez r\u00e9unir votre groupe, votre association, votre quartier autour de ce th\u00e8me de l&rsquo;alimentation durable ? L&rsquo;\u00e9quipe d&rsquo;animation de la CANamuroise est disponible pour venir animer une partie de jeu. Prenez contact avec le RCR, le R\u00e9seau des consommateurs Responsables (genevieve@asblrcr.be<a>)<\/a><\/strong><\/p>\n\n\n\n<p>[R\u00e9actions de participants]<\/p>\n\n\n\n<p>\u00ab\u00a0<em>Je ne me doutais pas autant du r\u00f4le central des citoyens (parents, collectifs, producteurs&#8230;) et cela me conforte dans l&rsquo;envie de m&rsquo;y mettre, comme parents surtout !<\/em>\u00a0\u00bb &#8211; Marie<\/p>\n\n\n\n<p>\u00ab\u00a0<em>Le jeu montre vraiment la diversit\u00e9 des possibilit\u00e9s pr\u00e9sente sur un territoire. C&rsquo;est fou ce qu&rsquo;on a pu imaginer et dire en plus, qu&rsquo;on avait \u00e9cart\u00e9 un bon paquet de cartes d&rsquo;entr\u00e9e de jeu ! C&rsquo;est dire les nombreuses possibilit\u00e9s d&rsquo;action.<\/em>\u00a0\u00bb &#8211; Alex<\/p>\n\n\n\n<p>\u00ab\u00a0<em>Cela fait du bien de voir que si on ose se lancer, c&rsquo;est tr\u00e8s vite pour trouver place au sein d&rsquo;un vaste r\u00e9seau d\u00e9j\u00e0 mobilis\u00e9. On n&rsquo;est pas seul !<\/em> \u00a0\u00bb &#8211; Sara<\/p>\n\n\n\n<p>\u00ab\u00a0<em>Le jeu montre bien que des producteurs qui se lanceraient seront tr\u00e8s vite accompagn\u00e9s par d&rsquo;autres partenaires qui leurs feront d\u00e9couvrir des alternatives \u00e0 la distribution industrielle.<\/em>\u00a0\u00bb &#8211; Georges<\/p>\n","protected":false},"excerpt":{"rendered":"<p>La CANamuroise a mis en place une animation intitul\u00e9e : \u00ab\u00a0Mets ta Ceinture, en route vers un r\u00e9seau alimentairer\u00e9silient et durable\u00ab\u00a0. Ce jeu de table dure entre 2 et 4h, selon les variantes et le nombre d&rsquo;\u00e9quipes engag\u00e9es. Les participants re\u00e7oivent un r\u00e9f\u00e9rent qui permet d&rsquo;identifier clairement ce que l&rsquo;on entend par Ceinture alimentaire ou R\u00e9seau alimentaire r\u00e9silient. Une s\u00e9rie [&hellip;]<\/p>\n","protected":false},"author":1,"featured_media":0,"parent":0,"menu_order":0,"comment_status":"closed","ping_status":"closed","template":"","meta":{"footnotes":""},"class_list":["post-128","page","type-page","status-publish","hentry"],"_links":{"self":[{"href":"http:\/\/ceinturealimentairenamuroise.be\/index.php?rest_route=\/wp\/v2\/pages\/128","targetHints":{"allow":["GET"]}}],"collection":[{"href":"http:\/\/ceinturealimentairenamuroise.be\/index.php?rest_route=\/wp\/v2\/pages"}],"about":[{"href":"http:\/\/ceinturealimentairenamuroise.be\/index.php?rest_route=\/wp\/v2\/types\/page"}],"author":[{"embeddable":true,"href":"http:\/\/ceinturealimentairenamuroise.be\/index.php?rest_route=\/wp\/v2\/users\/1"}],"replies":[{"embeddable":true,"href":"http:\/\/ceinturealimentairenamuroise.be\/index.php?rest_route=%2Fwp%2Fv2%2Fcomments&post=128"}],"version-history":[{"count":4,"href":"http:\/\/ceinturealimentairenamuroise.be\/index.php?rest_route=\/wp\/v2\/pages\/128\/revisions"}],"predecessor-version":[{"id":311,"href":"http:\/\/ceinturealimentairenamuroise.be\/index.php?rest_route=\/wp\/v2\/pages\/128\/revisions\/311"}],"wp:attachment":[{"href":"http:\/\/ceinturealimentairenamuroise.be\/index.php?rest_route=%2Fwp%2Fv2%2Fmedia&parent=128"}],"curies":[{"name":"wp","href":"https:\/\/api.w.org\/{rel}","templated":true}]}}