{"id":122,"date":"2023-02-27T11:58:25","date_gmt":"2023-02-27T10:58:25","guid":{"rendered":"http:\/\/ceinturealimentairenamuroise.be\/?page_id=122"},"modified":"2023-02-27T11:58:25","modified_gmt":"2023-02-27T10:58:25","slug":"filiere-maraichere","status":"publish","type":"page","link":"http:\/\/ceinturealimentairenamuroise.be\/?page_id=122","title":{"rendered":"Fili\u00e8re mara\u00eech\u00e8re"},"content":{"rendered":"\n<p><strong>Cr\u00e9ation r\u00e9cente d&rsquo;un Groupement de Mara\u00eechers Diversifi\u00e9s Bio sur petites surfaces (GMDB)<\/strong><\/p>\n\n\n\n<p>Concernant la fili\u00e8re mara\u00eech\u00e8re, quoi de mieux que de commencer par vous pr\u00e9senter deux supports de communication qui vous en diront de suite plus :<\/p>\n\n\n\n<figure class=\"wp-block-image\"><a href=\"https:\/\/p6.storage.canalblog.com\/66\/11\/1665034\/130642959_o.png\" target=\"_blank\" rel=\"noreferrer noopener\"><img decoding=\"async\" src=\"https:\/\/p6.storage.canalblog.com\/66\/11\/1665034\/130642959.png\" alt=\"Capture d\u2019\u00e9cran 2022-01-30 \u00e0 11\"\/><\/a><\/figure>\n\n\n\n<p>Un site internet d&rsquo;abord : <a href=\"https:\/\/monmaraicherbio.be\/\" target=\"_blank\" rel=\"noreferrer noopener\">https:\/\/monmaraicherbio.be\/<\/a><\/p>\n\n\n\n<figure class=\"wp-block-image\"><a href=\"https:\/\/p0.storage.canalblog.com\/05\/52\/1665034\/130642967_o.png\" target=\"_blank\" rel=\"noreferrer noopener\"><img decoding=\"async\" src=\"https:\/\/p0.storage.canalblog.com\/05\/52\/1665034\/130642967.png\" alt=\"Capture d\u2019\u00e9cran 2022-01-30 \u00e0 11\"\/><\/a><\/figure>\n\n\n\n<p>L&rsquo;enregistrement, ensuite, d&rsquo;une \u00e9mission de Tendance Premi\u00e8re de la RTBf o\u00f9 Monique Tiberghien converse avec des acteurs de la fili\u00e8re : <a href=\"https:\/\/www.rtbf.be\/auvio\/detail_tendances-premiere-le-dossier?id=2858219\" target=\"_blank\" rel=\"noreferrer noopener\">https:\/\/www.rtbf.be\/auvio\/detail_tendances-premiere-le-dossier?id=2858219<\/a><\/p>\n\n\n\n<p>Le mangeur est responsabilis\u00e9. Fin 2021, la p\u00e9riode de confinement a cr\u00e9\u00e9 un appel d&rsquo;air du c\u00f4t\u00e9 des circuits courts&#8230; Mais maintenant, il faut garder cette bonne habitude et d\u00e9passer donc une bonne r\u00e9solution de d\u00e9but d&rsquo;ann\u00e9e. Rien ne serait pire qu&rsquo;un retour \u00e0 la normale !<\/p>\n","protected":false},"excerpt":{"rendered":"<p>Cr\u00e9ation r\u00e9cente d&rsquo;un Groupement de Mara\u00eechers Diversifi\u00e9s Bio sur petites surfaces (GMDB) Concernant la fili\u00e8re mara\u00eech\u00e8re, quoi de mieux que de commencer par vous pr\u00e9senter deux supports de communication qui vous en diront de suite plus : Un site internet d&rsquo;abord : https:\/\/monmaraicherbio.be\/ L&rsquo;enregistrement, ensuite, d&rsquo;une \u00e9mission de Tendance Premi\u00e8re de la RTBf o\u00f9 Monique Tiberghien converse avec des acteurs [&hellip;]<\/p>\n","protected":false},"author":1,"featured_media":0,"parent":0,"menu_order":0,"comment_status":"closed","ping_status":"closed","template":"","meta":{"footnotes":""},"class_list":["post-122","page","type-page","status-publish","hentry"],"_links":{"self":[{"href":"http:\/\/ceinturealimentairenamuroise.be\/index.php?rest_route=\/wp\/v2\/pages\/122","targetHints":{"allow":["GET"]}}],"collection":[{"href":"http:\/\/ceinturealimentairenamuroise.be\/index.php?rest_route=\/wp\/v2\/pages"}],"about":[{"href":"http:\/\/ceinturealimentairenamuroise.be\/index.php?rest_route=\/wp\/v2\/types\/page"}],"author":[{"embeddable":true,"href":"http:\/\/ceinturealimentairenamuroise.be\/index.php?rest_route=\/wp\/v2\/users\/1"}],"replies":[{"embeddable":true,"href":"http:\/\/ceinturealimentairenamuroise.be\/index.php?rest_route=%2Fwp%2Fv2%2Fcomments&post=122"}],"version-history":[{"count":1,"href":"http:\/\/ceinturealimentairenamuroise.be\/index.php?rest_route=\/wp\/v2\/pages\/122\/revisions"}],"predecessor-version":[{"id":124,"href":"http:\/\/ceinturealimentairenamuroise.be\/index.php?rest_route=\/wp\/v2\/pages\/122\/revisions\/124"}],"wp:attachment":[{"href":"http:\/\/ceinturealimentairenamuroise.be\/index.php?rest_route=%2Fwp%2Fv2%2Fmedia&parent=122"}],"curies":[{"name":"wp","href":"https:\/\/api.w.org\/{rel}","templated":true}]}}