{"id":1053,"date":"2024-05-01T10:51:11","date_gmt":"2024-05-01T08:51:11","guid":{"rendered":"http:\/\/ceinturealimentairenamuroise.be\/?page_id=1053"},"modified":"2024-05-03T10:37:46","modified_gmt":"2024-05-03T08:37:46","slug":"csa-communaute-en-soutien-a-lagriculteur%c2%b7trice","status":"publish","type":"page","link":"http:\/\/ceinturealimentairenamuroise.be\/?page_id=1053","title":{"rendered":"CSA : Communaut\u00e9 en Soutien \u00e0 l&rsquo;Agriculteur\u00b7trice"},"content":{"rendered":"\n<figure class=\"wp-block-image size-large\"><img fetchpriority=\"high\" decoding=\"async\" width=\"1024\" height=\"380\" src=\"http:\/\/ceinturealimentairenamuroise.be\/wp-content\/uploads\/2024\/05\/Capture-decran-2024-05-01-a-10.53.12-1024x380.png\" alt=\"\" class=\"wp-image-1057\" srcset=\"http:\/\/ceinturealimentairenamuroise.be\/wp-content\/uploads\/2024\/05\/Capture-decran-2024-05-01-a-10.53.12-1024x380.png 1024w, http:\/\/ceinturealimentairenamuroise.be\/wp-content\/uploads\/2024\/05\/Capture-decran-2024-05-01-a-10.53.12-300x111.png 300w, http:\/\/ceinturealimentairenamuroise.be\/wp-content\/uploads\/2024\/05\/Capture-decran-2024-05-01-a-10.53.12-768x285.png 768w, http:\/\/ceinturealimentairenamuroise.be\/wp-content\/uploads\/2024\/05\/Capture-decran-2024-05-01-a-10.53.12-1536x569.png 1536w, http:\/\/ceinturealimentairenamuroise.be\/wp-content\/uploads\/2024\/05\/Capture-decran-2024-05-01-a-10.53.12-2048x759.png 2048w\" sizes=\"(max-width: 1024px) 100vw, 1024px\" \/><\/figure>\n\n\n\n<p>Il s&rsquo;agit d&rsquo;une association solidaire entre des particuliers et un\u00b7e mara\u00eecher\u00b7\u00e8re local\u00b7e qui, moyennant un abonnement annuel, concentre ses efforts \u00e0 cultiver pour ses membres de bons fruits et l\u00e9gumes de saison dans le respect des pratiques agro\u00e9cologiques.<\/p>\n\n\n\n<h3 class=\"wp-block-heading\">Un concept qui regorge d&rsquo;avantages :<\/h3>\n\n\n\n<ul class=\"wp-block-list\">\n<li>Un large assortiment de fruits et l\u00e9gumes ayant pouss\u00e9s pr\u00e8s de chez vous. Vous contribuez \u00e0 la p\u00e9rennit\u00e9 de l&rsquo;agriculture locale tout en favorisant les circuits courts.<\/li>\n<\/ul>\n\n\n\n<ul class=\"wp-block-list\">\n<li>Vous prenez soin \u00e0 la fois de votre sant\u00e9, par une alimentation saine, et de celle de notre environnement dans le respect des \u00e9cosyst\u00e8mes locaux par une agriculture raisonn\u00e9e.<\/li>\n<\/ul>\n\n\n\n<ul class=\"wp-block-list\">\n<li>A travers votre abonnement annuel \u00e0 la CSA, vous permettez \u00e0 l&rsquo;agriculteur de se consacrer pleinement \u00e0 l&rsquo;activit\u00e9 mara\u00eech\u00e8re pour vous fournir des produits de qualit\u00e9 tout au long de l&rsquo;ann\u00e9e.<\/li>\n<\/ul>\n\n\n\n<ul class=\"wp-block-list\">\n<li>Vous mangez chaque jour des produits frais et d\u00e9licieux, en accord avec les saisons et en respectant les cycles naturels et votre environnement.<\/li>\n<\/ul>\n\n\n\n<ul class=\"wp-block-list\">\n<li>Vous am\u00e9liorez sensiblement votre empreinte \u00e9cologique en limitant vos d\u00e9placements et \u00e9vitant les emballages superflus, en acteur \u00e9co-responsable.<\/li>\n<\/ul>\n\n\n\n<figure class=\"wp-block-embed is-type-wp-embed is-provider-annuaire-belge-des-csa wp-block-embed-annuaire-belge-des-csa\"><div class=\"wp-block-embed__wrapper\">\n<blockquote class=\"wp-embedded-content\" data-secret=\"pPa4FO26rB\"><a href=\"https:\/\/agriculture-csa.be\/\">L&rsquo;annuaire belge des CSA<\/a><\/blockquote><iframe class=\"wp-embedded-content\" sandbox=\"allow-scripts\" security=\"restricted\" style=\"position: absolute; clip: rect(1px, 1px, 1px, 1px);\" title=\"\u00ab\u00a0L&rsquo;annuaire belge des CSA\u00a0\u00bb &#8212; Annuaire belge des CSA\" src=\"https:\/\/agriculture-csa.be\/embed\/#?secret=igmJIfhNQ2#?secret=pPa4FO26rB\" data-secret=\"pPa4FO26rB\" width=\"600\" height=\"338\" frameborder=\"0\" marginwidth=\"0\" marginheight=\"0\" scrolling=\"no\"><\/iframe>\n<\/div><\/figure>\n","protected":false},"excerpt":{"rendered":"<p>Il s&rsquo;agit d&rsquo;une association solidaire entre des particuliers et un\u00b7e mara\u00eecher\u00b7\u00e8re local\u00b7e qui, moyennant un abonnement annuel, concentre ses efforts \u00e0 cultiver pour ses membres de bons fruits et l\u00e9gumes de saison dans le respect des pratiques agro\u00e9cologiques. Un concept qui regorge d&rsquo;avantages :<\/p>\n","protected":false},"author":1,"featured_media":0,"parent":0,"menu_order":0,"comment_status":"closed","ping_status":"closed","template":"","meta":{"footnotes":""},"class_list":["post-1053","page","type-page","status-publish","hentry"],"_links":{"self":[{"href":"http:\/\/ceinturealimentairenamuroise.be\/index.php?rest_route=\/wp\/v2\/pages\/1053","targetHints":{"allow":["GET"]}}],"collection":[{"href":"http:\/\/ceinturealimentairenamuroise.be\/index.php?rest_route=\/wp\/v2\/pages"}],"about":[{"href":"http:\/\/ceinturealimentairenamuroise.be\/index.php?rest_route=\/wp\/v2\/types\/page"}],"author":[{"embeddable":true,"href":"http:\/\/ceinturealimentairenamuroise.be\/index.php?rest_route=\/wp\/v2\/users\/1"}],"replies":[{"embeddable":true,"href":"http:\/\/ceinturealimentairenamuroise.be\/index.php?rest_route=%2Fwp%2Fv2%2Fcomments&post=1053"}],"version-history":[{"count":3,"href":"http:\/\/ceinturealimentairenamuroise.be\/index.php?rest_route=\/wp\/v2\/pages\/1053\/revisions"}],"predecessor-version":[{"id":1088,"href":"http:\/\/ceinturealimentairenamuroise.be\/index.php?rest_route=\/wp\/v2\/pages\/1053\/revisions\/1088"}],"wp:attachment":[{"href":"http:\/\/ceinturealimentairenamuroise.be\/index.php?rest_route=%2Fwp%2Fv2%2Fmedia&parent=1053"}],"curies":[{"name":"wp","href":"https:\/\/api.w.org\/{rel}","templated":true}]}}