{"id":1002,"date":"2025-02-20T15:45:02","date_gmt":"2025-02-20T14:45:02","guid":{"rendered":"http:\/\/ceinturealimentairenamuroise.be\/?page_id=1002"},"modified":"2025-07-18T14:36:21","modified_gmt":"2025-07-18T12:36:21","slug":"bibliographie","status":"publish","type":"page","link":"http:\/\/ceinturealimentairenamuroise.be\/?page_id=1002","title":{"rendered":"Bibliographie"},"content":{"rendered":"\t\t<div data-elementor-type=\"wp-page\" data-elementor-id=\"1002\" class=\"elementor elementor-1002\">\n\t\t\t\t\t\t<section class=\"elementor-section elementor-top-section elementor-element elementor-element-66fcc8b3 elementor-section-boxed elementor-section-height-default elementor-section-height-default\" data-id=\"66fcc8b3\" data-element_type=\"section\" data-e-type=\"section\">\n\t\t\t\t\t\t<div class=\"elementor-container elementor-column-gap-default\">\n\t\t\t\t\t<div class=\"elementor-column elementor-col-100 elementor-top-column elementor-element elementor-element-7a48ca0\" data-id=\"7a48ca0\" data-element_type=\"column\" data-e-type=\"column\">\n\t\t\t<div class=\"elementor-widget-wrap elementor-element-populated\">\n\t\t\t\t\t\t<div class=\"elementor-element elementor-element-4e637150 elementor-widget elementor-widget-text-editor\" data-id=\"4e637150\" data-element_type=\"widget\" data-e-type=\"widget\" data-widget_type=\"text-editor.default\">\n\t\t\t\t<div class=\"elementor-widget-container\">\n\t\t\t\t\t\t\t\t\t\n<p>2025<\/p>\n<p>ORSENNA Errik et DENORMANDIE Julien : \u00ab\u00a0<strong>Nourrir sans d\u00e9vaster<\/strong>\u00ab\u00a0, Petit pr\u00e9cis de mondialisation, Gallimard, Pocket book, Actuel Folio, f\u00e9vrier 2025, 322 pages<\/p>\n<p>\u00a0<\/p>\n<p>2024<\/p>\n\n<p>DUCOT Laure : \u00ab\u00a0<strong>Les frites viennent des patates : Dans les coulisses de notre alimentation et de l&rsquo;agro-industrie<\/strong>\u00ab\u00a0, Editions Grasset, 7 f\u00e9vrier 2024, 368 pages<\/p>\n\n<p>JOUZEL Jean-No\u00ebl, PETRE Giovanni : \u00ab\u00a0<strong>L&rsquo;agriculture empoisonn\u00e9e<\/strong>\u00a0\u00bb &#8211; Le long combat des victimes de pesticides, Presse de Science Po, janvier 2024, 288 pages<\/p>\n<p>KOENIG Gaspard, \u00ab\u00a0<strong>Humus<\/strong>\u00ab\u00a0, roman, Coll J&rsquo;ai lu, Ao\u00fbt 2024, 512 pages<\/p>\n<p>KOENIG Gaspard, \u00ab\u00a0<strong>Agrophilosophie<\/strong>\u00a0\u00bb &#8211; R\u00e9concilier nature et libert\u00e9, Editions de l&rsquo;Observatoire, setp 2024, 336 pages<\/p>\n\n<p>POINSSOT Am\u00e9lie : \u00ab\u00a0<strong>Qui va nous nourrir ?<\/strong> <strong>: Au coeur de l&rsquo;urgence \u00e9cologique, le renouveau paysan<\/strong>\u00ab\u00a0, Editions Acte Sud, f\u00e9vrier 2024, 288 pages<\/p>\n\n<p>REMESY Christian : \u00ab\u00a0<strong>Sauvons notre alimentation : \u00c0 table, citoyens <\/strong>!\u00a0\u00bb Editions Thierry Souccar, Paperback\u2013 Grand livre, 21 f\u00e9vrier 2024, 192 pages<\/p>\n\n<p>2023<\/p>\n\n<p>KEUCHEYAN Razmig : \u00ab\u00a0<strong>Les besoins artificiels &#8211; Comment sortir du consum\u00e9risme<\/strong>\u00ab\u00a0, Editions La D\u00e9couverte, Paperback \u2013 14 septembre 2023, 240 pages<\/p>\n\n<p>2022<\/p>\n\n<p>REMESY Christian : \u00ab\u00a0<strong>Sauvons le pain<\/strong> : <strong>Boulangers, citoyens, amor\u00e7ons la r\u00e9volution nutritionnelle du pain<\/strong>\u00ab\u00a0, Editions Thierry Souccar, 2022, 192 pages<\/p>\n\n<p>VROB : \u00ab\u00a0<strong>La mal\u00e9diction du Cordon bleu<\/strong>\u00ab\u00a0, BD, Editions Thierry Souccar, 2022, 109 pages<\/p>\n\n<p>2020<\/p>\n\n<p>GALLUZZO Anthony : \u00ab\u00a0<strong>La fabrique du consommateur &#8211; Une histoire de la soci\u00e9t\u00e9 marchande<\/strong>\u00ab\u00a0, Edition Zones, Paperback \u2013 Grand livre, 4 juin 2020, 264 pages<\/p>\n\n<p>2019<\/p>\n\n<p>FOUCART St\u00e9phane : \u00ab\u00a0<strong>Et le monde devint silencieux<\/strong>\u00ab\u00a0, &#8211; Comment l&rsquo;agrochimie a d\u00e9truit les insectes, Seuil, Ao\u00fbt 2019 (1) &#8211; Point, Coll Point terre, 2021, 320 pages<\/p>\n\n<p>HERVE-GRUYER Perrine et Charles : \u00ab\u00a0<strong>Vivre avec la terre : Manuel des jardiniers-mara\u00eechers &#8211; Permaculture &#8211; Ecoculture &#8211; Micro-fermes<\/strong>\u00ab\u00a0, Editions Acte Sud\/ Ferme du Bec Hellouin, 2019, 3 Tomes en coffret<\/p>\n\n<p>WAIENGNIER David : \u00ab\u00a0<strong>Petit trait\u00e9 de boulangerie traditionnelle : 12 ans au fournil de l&rsquo;Hof ter Munsschen<\/strong>\u00ab\u00a0, Pragmasol ASBL, Bruxelles, 2019 (2), 109 pages<\/p>\n\n<p>2016<\/p>\n\n<p>MOATI Serge : \u00ab\u00a0<strong>La Soci\u00e9t\u00e9 malade de l&rsquo;hyperconsommation<\/strong>\u00ab\u00a0, Editions Odile Jacob, Paperback \u2013 Grand livre, 18 mai 2016, 256 pages<\/p>\n\n<p>2015<\/p>\n\n<p>FLEURAT LESSART Francis : \u00ab\u00a0<strong>R\u00e9sidus de pesticides dans les c\u00e9r\u00e9ales alimentaires : Origine, devenir et gestion raisonn\u00e9e<\/strong>\u00ab\u00a0, Editions QUAE, 2015, 160 pages<\/p>\n\n<p>2013<\/p>\n\n<p>LABBE Christophe, PORQUET Jean-Luc, RECASENS WOZNIAK Olivia : \u00ab\u00a0<strong>Vive la malbouffe, A bas le bio\u00a0\u00bb<\/strong>, Editions Ho\u00ebbeke, 2013, 192 pages<\/p>\n\t\t\t\t\t\t\t\t<\/div>\n\t\t\t\t<\/div>\n\t\t\t\t\t<\/div>\n\t\t<\/div>\n\t\t\t\t\t<\/div>\n\t\t<\/section>\n\t\t\t\t<\/div>\n\t\t","protected":false},"excerpt":{"rendered":"<p>2025 ORSENNA Errik et DENORMANDIE Julien : \u00ab\u00a0Nourrir sans d\u00e9vaster\u00ab\u00a0, Petit pr\u00e9cis de mondialisation, Gallimard, Pocket book, Actuel Folio, f\u00e9vrier 2025, 322 pages \u00a0 2024 DUCOT Laure : \u00ab\u00a0Les frites viennent des patates : Dans les coulisses de notre alimentation et de l&rsquo;agro-industrie\u00ab\u00a0, Editions Grasset, 7 f\u00e9vrier 2024, 368 pages JOUZEL Jean-No\u00ebl, PETRE Giovanni : \u00ab\u00a0L&rsquo;agriculture empoisonn\u00e9e\u00a0\u00bb &#8211; Le long [&hellip;]<\/p>\n","protected":false},"author":1,"featured_media":0,"parent":0,"menu_order":0,"comment_status":"closed","ping_status":"closed","template":"","meta":{"footnotes":""},"class_list":["post-1002","page","type-page","status-publish","hentry"],"_links":{"self":[{"href":"http:\/\/ceinturealimentairenamuroise.be\/index.php?rest_route=\/wp\/v2\/pages\/1002","targetHints":{"allow":["GET"]}}],"collection":[{"href":"http:\/\/ceinturealimentairenamuroise.be\/index.php?rest_route=\/wp\/v2\/pages"}],"about":[{"href":"http:\/\/ceinturealimentairenamuroise.be\/index.php?rest_route=\/wp\/v2\/types\/page"}],"author":[{"embeddable":true,"href":"http:\/\/ceinturealimentairenamuroise.be\/index.php?rest_route=\/wp\/v2\/users\/1"}],"replies":[{"embeddable":true,"href":"http:\/\/ceinturealimentairenamuroise.be\/index.php?rest_route=%2Fwp%2Fv2%2Fcomments&post=1002"}],"version-history":[{"count":11,"href":"http:\/\/ceinturealimentairenamuroise.be\/index.php?rest_route=\/wp\/v2\/pages\/1002\/revisions"}],"predecessor-version":[{"id":1827,"href":"http:\/\/ceinturealimentairenamuroise.be\/index.php?rest_route=\/wp\/v2\/pages\/1002\/revisions\/1827"}],"wp:attachment":[{"href":"http:\/\/ceinturealimentairenamuroise.be\/index.php?rest_route=%2Fwp%2Fv2%2Fmedia&parent=1002"}],"curies":[{"name":"wp","href":"https:\/\/api.w.org\/{rel}","templated":true}]}}